{"id":98,"date":"2021-04-29T15:44:35","date_gmt":"2021-04-29T15:44:35","guid":{"rendered":"https:\/\/fundacionvinculo.cl\/sitio\/?page_id=98"},"modified":"2021-06-10T01:42:41","modified_gmt":"2021-06-10T05:42:41","slug":"nuestro-porque","status":"publish","type":"page","link":"https:\/\/fundacionvinculo.cl\/sitio\/nuestro-porque\/","title":{"rendered":"Nuestro Porqu\u00e9"},"content":{"rendered":"<p>[et_pb_section fb_built=\u00bb1&#8243; admin_label=\u00bbHeader\u00bb _builder_version=\u00bb4.7.4&#8243; background_color_gradient_direction=\u00bb86deg\u00bb background_image=\u00bbhttps:\/\/fundacionvinculo.cl\/sitio\/wp-content\/uploads\/2021\/05\/Fondo_Bamboo_2-01.png\u00bb background_position=\u00bbbottom_center\u00bb width=\u00bb100%\u00bb max_width=\u00bb100%\u00bb max_width_tablet=\u00bb\u00bb max_width_phone=\u00bb\u00bb max_width_last_edited=\u00bbon|desktop\u00bb custom_margin=\u00bb0px||0px||false|false\u00bb custom_padding=\u00bb0px||0px||false|false\u00bb da_disable_devices=\u00bboff|off|off\u00bb da_is_popup=\u00bboff\u00bb da_exit_intent=\u00bboff\u00bb da_has_close=\u00bbon\u00bb da_alt_close=\u00bboff\u00bb da_dark_close=\u00bboff\u00bb da_not_modal=\u00bbon\u00bb da_is_singular=\u00bboff\u00bb da_with_loader=\u00bboff\u00bb da_has_shadow=\u00bbon\u00bb][et_pb_row use_custom_gutter=\u00bbon\u00bb make_equal=\u00bbon\u00bb _builder_version=\u00bb4.9.4&#8243; _module_preset=\u00bbdefault\u00bb background_image=\u00bbhttps:\/\/fundacionvinculo.cl\/sitio\/wp-content\/uploads\/2021\/04\/calligraphy_68.png\u00bb background_position=\u00bbtop_center\u00bb width=\u00bb100%\u00bb max_width=\u00bb100%\u00bb module_alignment=\u00bbcenter\u00bb custom_margin=\u00bb0px|auto||auto|false|false\u00bb custom_padding=\u00bb45px||45px||true|false\u00bb hover_enabled=\u00bb0&#8243; custom_margin_last_edited=\u00bbon|desktop\u00bb custom_padding_last_edited=\u00bbon|desktop\u00bb sticky_enabled=\u00bb0&#8243; custom_padding_tablet=\u00bb15px||15px||true|false\u00bb custom_padding_phone=\u00bb0px||0px||true|false\u00bb][et_pb_column type=\u00bb4_4&#8243; _builder_version=\u00bb4.7.4&#8243; _module_preset=\u00bbdefault\u00bb][\/et_pb_column][\/et_pb_row][et_pb_row custom_padding_last_edited=\u00bboff|phone\u00bb padding_top_bottom_link_1=\u00bbtrue\u00bb padding_left_right_link_1=\u00bbtrue\u00bb _builder_version=\u00bb4.7.4&#8243; background_position=\u00bbbottom_center\u00bb max_width=\u00bb80%\u00bb custom_margin=\u00bb||||false|false\u00bb custom_padding=\u00bb0px|||||\u00bb custom_padding_tablet=\u00bb17vw||17vw||false\u00bb use_custom_width=\u00bbon\u00bb width_unit=\u00bboff\u00bb custom_width_percent=\u00bb100%\u00bb][et_pb_column type=\u00bb4_4&#8243; _builder_version=\u00bb3.25&#8243; custom_padding=\u00bb|||\u00bb custom_padding_tablet=\u00bb60px||60px||true\u00bb custom_padding_phone=\u00bb40px||40px||true\u00bb custom_padding_last_edited=\u00bboff|phone\u00bb custom_padding__hover=\u00bb|||\u00bb][et_pb_text _builder_version=\u00bb4.9.4&#8243; _module_preset=\u00bbdefault\u00bb header_text_align=\u00bbcenter\u00bb header_2_font=\u00bbDelius||||||||\u00bb header_2_text_align=\u00bbcenter\u00bb header_2_text_color=\u00bb#242424&#8243; header_2_font_size=\u00bb100px\u00bb header_3_font=\u00bbGloria Hallelujah|300|||||||\u00bb header_3_text_color=\u00bb#ffffff\u00bb header_3_font_size=\u00bb86px\u00bb header_3_line_height=\u00bb1.2em\u00bb custom_margin=\u00bb||15px||false|false\u00bb custom_padding=\u00bb0px||||false|false\u00bb hover_enabled=\u00bb0&#8243; header_2_text_shadow_style=\u00bbpreset2&#8243; header_2_text_shadow_blur_strength=\u00bb0.2em\u00bb header_2_text_shadow_color=\u00bbrgba(0,0,0,0.22)\u00bb header_3_text_shadow_style=\u00bbpreset1&#8243; header_3_text_shadow_color=\u00bbrgba(0,0,0,0.25)\u00bb header_font_size_last_edited=\u00bbon|phone\u00bb header_font=\u00bbDelius||||||||\u00bb header_font_size=\u00bb75px\u00bb sticky_enabled=\u00bb0&#8243; header_font_size_tablet=\u00bb50px\u00bb header_font_size_phone=\u00bb36px\u00bb custom_padding_last_edited=\u00bbon|tablet\u00bb custom_margin_last_edited=\u00bbon|phone\u00bb custom_margin_tablet=\u00bb||0px||false|false\u00bb custom_padding_tablet=\u00bb||0px||false|false\u00bb]<\/p>\n<h1 style=\"text-align: center;\"><strong>Nuestro POR QU\u00c9<\/strong><\/h1>\n<p>[\/et_pb_text][\/et_pb_column][\/et_pb_row][et_pb_row column_structure=\u00bb1_4,1_4,1_4,1_4&#8243; _builder_version=\u00bb4.7.4&#8243; _module_preset=\u00bbdefault\u00bb][et_pb_column type=\u00bb1_4&#8243; _builder_version=\u00bb4.7.4&#8243; _module_preset=\u00bbdefault\u00bb][et_pb_button button_url=\u00bb@ET-DC@eyJkeW5hbWljIjp0cnVlLCJjb250ZW50IjoicG9zdF9saW5rX3VybF9wYWdlIiwic2V0dGluZ3MiOnsicG9zdF9pZCI6IjE0MyJ9fQ==@\u00bb button_text=\u00bbNuestra Historia\u00bb button_alignment=\u00bbcenter\u00bb _builder_version=\u00bb4.7.4&#8243; _dynamic_attributes=\u00bbbutton_url\u00bb _module_preset=\u00bbdefault\u00bb custom_button=\u00bbon\u00bb button_text_color=\u00bb#ffffff\u00bb button_bg_color=\u00bb#0c71c3&#8243; button_border_radius=\u00bb25px\u00bb button_use_icon=\u00bboff\u00bb custom_padding=\u00bb|35px||35px|false|false\u00bb animation_style=\u00bbfade\u00bb box_shadow_style=\u00bbpreset2&#8243;][\/et_pb_button][\/et_pb_column][et_pb_column type=\u00bb1_4&#8243; _builder_version=\u00bb4.7.4&#8243; _module_preset=\u00bbdefault\u00bb][et_pb_button button_url=\u00bb@ET-DC@eyJkeW5hbWljIjp0cnVlLCJjb250ZW50IjoicG9zdF9saW5rX3VybF9wYWdlIiwic2V0dGluZ3MiOnsicG9zdF9pZCI6IjE0NSJ9fQ==@\u00bb button_text=\u00bbNuestro Equipo\u00bb button_alignment=\u00bbcenter\u00bb _builder_version=\u00bb4.7.4&#8243; _dynamic_attributes=\u00bbbutton_url\u00bb _module_preset=\u00bbdefault\u00bb custom_button=\u00bbon\u00bb button_text_color=\u00bb#ffffff\u00bb button_bg_color=\u00bb#8d0aa8&#8243; button_border_radius=\u00bb25px\u00bb button_use_icon=\u00bboff\u00bb custom_padding=\u00bb|35px||35px|false|false\u00bb animation_style=\u00bbfade\u00bb box_shadow_style=\u00bbpreset2&#8243;][\/et_pb_button][\/et_pb_column][et_pb_column type=\u00bb1_4&#8243; _builder_version=\u00bb4.7.4&#8243; _module_preset=\u00bbdefault\u00bb][et_pb_button button_url=\u00bb@ET-DC@eyJkeW5hbWljIjp0cnVlLCJjb250ZW50IjoicG9zdF9saW5rX3VybF9wYWdlIiwic2V0dGluZ3MiOnsicG9zdF9pZCI6IjE0NyJ9fQ==@\u00bb button_text=\u00bbFundadores\u00bb button_alignment=\u00bbcenter\u00bb _builder_version=\u00bb4.7.4&#8243; _dynamic_attributes=\u00bbbutton_url\u00bb _module_preset=\u00bbdefault\u00bb custom_button=\u00bbon\u00bb button_text_color=\u00bb#ffffff\u00bb button_bg_color=\u00bb#e09900&#8243; button_border_radius=\u00bb25px\u00bb button_use_icon=\u00bboff\u00bb custom_padding=\u00bb|45px||45px|false|false\u00bb animation_style=\u00bbfade\u00bb box_shadow_style=\u00bbpreset2&#8243;][\/et_pb_button][\/et_pb_column][et_pb_column type=\u00bb1_4&#8243; _builder_version=\u00bb4.7.4&#8243; _module_preset=\u00bbdefault\u00bb][et_pb_button button_url=\u00bb@ET-DC@eyJkeW5hbWljIjp0cnVlLCJjb250ZW50IjoicG9zdF9saW5rX3VybF9wYWdlIiwic2V0dGluZ3MiOnsicG9zdF9pZCI6IjE0OSJ9fQ==@\u00bb button_text=\u00bbNuestra Sede\u00bb button_alignment=\u00bbcenter\u00bb _builder_version=\u00bb4.7.4&#8243; _dynamic_attributes=\u00bbbutton_url\u00bb _module_preset=\u00bbdefault\u00bb custom_button=\u00bbon\u00bb button_text_color=\u00bb#ffffff\u00bb button_bg_color=\u00bb#61b71f\u00bb button_border_radius=\u00bb25px\u00bb button_use_icon=\u00bboff\u00bb custom_padding=\u00bb|45px||45px|false|false\u00bb animation_style=\u00bbfade\u00bb box_shadow_style=\u00bbpreset2&#8243;][\/et_pb_button][\/et_pb_column][\/et_pb_row][\/et_pb_section][et_pb_section fb_built=\u00bb1&#8243; admin_label=\u00bbAbout Me\u00bb _builder_version=\u00bb4.7.4&#8243; background_image=\u00bbhttps:\/\/fundacionvinculo.cl\/sitio\/wp-content\/uploads\/2021\/05\/7414-trozo11.jpg\u00bb background_size=\u00bbinitial\u00bb background_position=\u00bbcenter_right\u00bb transform_scale=\u00bb98%|98%\u00bb da_disable_devices=\u00bboff|off|off\u00bb da_is_popup=\u00bboff\u00bb da_exit_intent=\u00bboff\u00bb da_has_close=\u00bbon\u00bb da_alt_close=\u00bboff\u00bb da_dark_close=\u00bboff\u00bb da_not_modal=\u00bbon\u00bb da_is_singular=\u00bboff\u00bb da_with_loader=\u00bboff\u00bb da_has_shadow=\u00bbon\u00bb][et_pb_row column_structure=\u00bb2_5,3_5&#8243; _builder_version=\u00bb4.7.4&#8243; _module_preset=\u00bbdefault\u00bb][et_pb_column type=\u00bb2_5&#8243; _builder_version=\u00bb4.7.4&#8243; _module_preset=\u00bbdefault\u00bb][et_pb_image src=\u00bbhttps:\/\/fundacionvinculo.cl\/sitio\/wp-content\/uploads\/2021\/05\/Foto-Re-evolucion-amorista-1.jpg\u00bb title_text=\u00bbFoto Re evoluci\u00f3n amorista 1&#8243; align_tablet=\u00bbcenter\u00bb align_phone=\u00bb\u00bb align_last_edited=\u00bbon|desktop\u00bb _builder_version=\u00bb4.7.4&#8243; _module_preset=\u00bbdefault\u00bb background_color=\u00bbrgba(0,0,0,0)\u00bb parallax=\u00bbon\u00bb transform_translate_linked=\u00bboff\u00bb animation_style=\u00bbfade\u00bb scroll_scaling_enable=\u00bbon\u00bb border_radii=\u00bbon|20px|20px|20px|20px\u00bb box_shadow_style=\u00bbpreset2&#8243;][\/et_pb_image][et_pb_button button_url=\u00bb#mistagogia\u00bb button_text=\u00bbVer m\u00e1s\u00bb button_alignment=\u00bbcenter\u00bb module_class=\u00bbmistagogia\u00bb _builder_version=\u00bb4.7.4&#8243; _module_preset=\u00bbdefault\u00bb custom_button=\u00bbon\u00bb button_text_size=\u00bb27px\u00bb button_text_color=\u00bb#ffffff\u00bb button_bg_color=\u00bb#e09900&#8243; button_border_radius=\u00bb68px\u00bb button_icon=\u00bb%%1%%\u00bb background_layout=\u00bbdark\u00bb custom_margin=\u00bb||76px|||\u00bb][\/et_pb_button][\/et_pb_column][et_pb_column type=\u00bb3_5&#8243; _builder_version=\u00bb4.7.4&#8243; _module_preset=\u00bbdefault\u00bb][et_pb_text _builder_version=\u00bb4.9.4&#8243; _module_preset=\u00bbdefault\u00bb text_font=\u00bb||||||||\u00bb text_font_size=\u00bb22px\u00bb text_line_height=\u00bb2em\u00bb header_font=\u00bb||||||||\u00bb module_alignment=\u00bbleft\u00bb custom_padding=\u00bb||||false|false\u00bb hover_enabled=\u00bb0&#8243; text_font_size_tablet=\u00bb\u00bb text_font_size_phone=\u00bb18px\u00bb text_font_size_last_edited=\u00bbon|desktop\u00bb text_line_height_tablet=\u00bb\u00bb text_line_height_phone=\u00bb1.7em\u00bb text_line_height_last_edited=\u00bbon|phone\u00bb text_text_color=\u00bb#000000&#8243; sticky_enabled=\u00bb0&#8243;]<\/p>\n<p style=\"text-align: justify;\">Es el anhelo de la Fundaci\u00f3n V\u00ednculo gestar una <strong><em>Re-evoluci\u00f3n Amorista<\/em><\/strong> que consiste en una transformaci\u00f3n profunda y radical del modo de ser y hacer de cada persona y de la sociedad, que nos permita transitar del paradigma actual del rendimiento, consumo, individualismo, depredaci\u00f3n y deshumanizaci\u00f3n, a un paradigma sustentado en v\u00ednculos nutritivos y generadores de vida con los dem\u00e1s, nuestra propia persona y la creaci\u00f3n.<\/p>\n<p style=\"text-align: justify;\">La \u201cRe-evoluci\u00f3n Amorista\u201d se logra gracias a un proceso de transformaci\u00f3n bio-psico-espiritual que, como tal, puede ser conflictiva y dolorosa para el ego personal y social. Esta propuesta que ofrece nuestra Fundaci\u00f3n es una lucha a muerte contra el mal que permita ir tomando cada vez m\u00e1s conciencia relacional, sanar las heridas y administrar las fuerzas en pugna, para que siempre triunfe la bondad, la belleza y la verdad.<\/p>\n<p>[\/et_pb_text][\/et_pb_column][\/et_pb_row][et_pb_row column_structure=\u00bb1_2,1_2&#8243; _builder_version=\u00bb4.7.4&#8243; _module_preset=\u00bbdefault\u00bb][et_pb_column type=\u00bb1_2&#8243; _builder_version=\u00bb4.7.4&#8243; _module_preset=\u00bbdefault\u00bb][et_pb_image src=\u00bbhttps:\/\/fundacionvinculo.cl\/sitio\/wp-content\/uploads\/2021\/05\/Re-evolucion-Amorista-2.jpg\u00bb title_text=\u00bbRe-evoluci\u00f3n Amorista 2&#8243; align_tablet=\u00bbcenter\u00bb align_phone=\u00bb\u00bb align_last_edited=\u00bbon|desktop\u00bb _builder_version=\u00bb4.9.4&#8243; _module_preset=\u00bbdefault\u00bb background_color=\u00bbrgba(0,0,0,0)\u00bb parallax=\u00bbon\u00bb transform_scale_linked=\u00bboff\u00bb transform_translate=\u00bb0px|165px\u00bb transform_translate_linked=\u00bboff\u00bb transform_rotate=\u00bb0deg|0deg|-2deg\u00bb animation_style=\u00bbfade\u00bb scroll_scaling_enable=\u00bbon\u00bb hover_enabled=\u00bb0&#8243; border_radii=\u00bbon|20px|20px|20px|20px\u00bb box_shadow_style=\u00bbpreset2&#8243; transform_styles_last_edited=\u00bbon|tablet\u00bb transform_scale_last_edited=\u00bbon|phone\u00bb transform_translate_last_edited=\u00bbon|tablet\u00bb transform_rotate_last_edited=\u00bbon|phone\u00bb transform_skew_last_edited=\u00bbon|phone\u00bb transform_origin_last_edited=\u00bbon|phone\u00bb transform_translate_phone=\u00bb0px|0px\u00bb sticky_enabled=\u00bb0&#8243; transform_translate_tablet=\u00bb0px|15px\u00bb transform_scale_tablet=\u00bb80%|90%\u00bb][\/et_pb_image][\/et_pb_column][et_pb_column type=\u00bb1_2&#8243; _builder_version=\u00bb4.7.4&#8243; _module_preset=\u00bbdefault\u00bb][et_pb_image src=\u00bbhttps:\/\/fundacionvinculo.cl\/sitio\/wp-content\/uploads\/2021\/05\/Re-evolucion-Amorista-3.jpg\u00bb title_text=\u00bbRe-evoluci\u00f3n Amorista 3&#8243; align_tablet=\u00bbcenter\u00bb align_phone=\u00bb\u00bb align_last_edited=\u00bbon|desktop\u00bb _builder_version=\u00bb4.9.4&#8243; _module_preset=\u00bbdefault\u00bb background_color=\u00bbrgba(0,0,0,0)\u00bb parallax=\u00bbon\u00bb transform_translate=\u00bb0px|-4px\u00bb transform_translate_linked=\u00bboff\u00bb transform_rotate=\u00bb0deg|0deg|2deg\u00bb animation_style=\u00bbfade\u00bb scroll_scaling_enable=\u00bbon\u00bb hover_enabled=\u00bb0&#8243; border_radii=\u00bbon|20px|20px|20px|20px\u00bb box_shadow_style=\u00bbpreset2&#8243; transform_styles_last_edited=\u00bbon|tablet\u00bb transform_scale_last_edited=\u00bbon|tablet\u00bb transform_translate_last_edited=\u00bbon|phone\u00bb transform_rotate_last_edited=\u00bbon|phone\u00bb transform_skew_last_edited=\u00bbon|phone\u00bb transform_origin_last_edited=\u00bbon|phone\u00bb sticky_enabled=\u00bb0&#8243; transform_scale_tablet=\u00bb90%|90%\u00bb transform_translate_tablet=\u00bb0px|0px\u00bb][\/et_pb_image][\/et_pb_column][\/et_pb_row][\/et_pb_section][et_pb_section fb_built=\u00bb1&#8243; admin_label=\u00bbGallery\u00bb _builder_version=\u00bb3.22.7&#8243; background_image=\u00bbhttps:\/\/fundacionvinculo.cl\/sitio\/wp-content\/uploads\/2021\/04\/calligraphy_03.jpg\u00bb background_size=\u00bbinitial\u00bb background_position=\u00bbtop_center\u00bb custom_padding=\u00bb||0px|||\u00bb da_disable_devices=\u00bboff|off|off\u00bb da_is_popup=\u00bboff\u00bb da_exit_intent=\u00bboff\u00bb da_has_close=\u00bbon\u00bb da_alt_close=\u00bboff\u00bb da_dark_close=\u00bboff\u00bb da_not_modal=\u00bbon\u00bb da_is_singular=\u00bboff\u00bb da_with_loader=\u00bboff\u00bb da_has_shadow=\u00bbon\u00bb][\/et_pb_section][et_pb_section fb_built=\u00bb1&#8243; admin_label=\u00bbMistagogia\u00bb module_id=\u00bbmistagogia\u00bb module_class=\u00bbpopup\u00bb _builder_version=\u00bb4.7.4&#8243; background_image=\u00bbhttps:\/\/fundacionvinculo.cl\/sitio\/wp-content\/uploads\/2021\/05\/17975521C.jpg\u00bb parallax=\u00bbon\u00bb custom_margin=\u00bb||||false|false\u00bb custom_padding=\u00bb120px||120px||false|false\u00bb link_option_url=\u00bb#Mistagogia\u00bb da_is_popup=\u00bbon\u00bb da_popup_slug=\u00bbmistagogia\u00bb da_disable_devices=\u00bboff|off|off\u00bb locked=\u00bboff\u00bb da_exit_intent=\u00bboff\u00bb da_has_close=\u00bbon\u00bb da_alt_close=\u00bboff\u00bb da_dark_close=\u00bboff\u00bb da_not_modal=\u00bbon\u00bb da_is_singular=\u00bboff\u00bb da_with_loader=\u00bboff\u00bb da_has_shadow=\u00bbon\u00bb][et_pb_row module_id=\u00bbmistagogia\u00bb _builder_version=\u00bb4.7.4&#8243; transform_translate_linked=\u00bboff\u00bb custom_padding=\u00bb0px|40px|0px|40px|true|true\u00bb border_color_all=\u00bbrgba(0,0,0,0.18)\u00bb][et_pb_column type=\u00bb4_4&#8243; _builder_version=\u00bb3.25&#8243; custom_padding=\u00bb|||\u00bb custom_padding__hover=\u00bb|||\u00bb][et_pb_text _builder_version=\u00bb4.7.4&#8243; text_font=\u00bbMuli||||||||\u00bb text_font_size=\u00bb22px\u00bb text_line_height=\u00bb2em\u00bb header_font=\u00bb||||||||\u00bb transform_scale_linked=\u00bboff\u00bb transform_translate=\u00bb1px|0px\u00bb transform_translate_linked=\u00bboff\u00bb width=\u00bb100%\u00bb module_alignment=\u00bbleft\u00bb custom_margin=\u00bb|112px||||\u00bb custom_padding=\u00bb|0px||0px||\u00bb text_font_size_tablet=\u00bb\u00bb text_font_size_phone=\u00bb15px\u00bb text_font_size_last_edited=\u00bbon|desktop\u00bb text_line_height_tablet=\u00bb\u00bb text_line_height_phone=\u00bb1.7em\u00bb text_line_height_last_edited=\u00bbon|phone\u00bb locked=\u00bboff\u00bb]<\/p>\n<p>Como toda re-evoluci\u00f3n se va gestando lenta y persistentemente de menos a m\u00e1s en cada persona. En la medida que \u00e9sta va optando por un acabado autoconocimiento, aceptaci\u00f3n, valoraci\u00f3n y amor hacia s\u00ed misma, como un ser \u00fanico que tiene derecho a vivir de acuerdo con su genio particular, puede ponerse al servicio de los dem\u00e1s y as\u00ed ser feliz y procurar la felicidad de todos y la sustentabilidad del entorno.<\/p>\n<p>Poco a poco as\u00ed la persona se va transformando en una <strong><em>Amorista,<\/em><\/strong> es decir, un converso a la mejor versi\u00f3n de s\u00ed misma que, a su vez, se siente empujada a compartir esta nueva energ\u00eda o esp\u00edritu con otros, en todos los \u00e1mbitos de su vida, aportando un testimonio aut\u00e9ntico, que se resiste a toda injusticia con humildad, alegr\u00eda, apertura, proactividad, creatividad, respeto y al servicio de la comunidad.<\/p>\n<p>Cada \u201cAmorista\u201d se convierte en una c\u00e9lula que \u201cdespierta\u201d procesos de vida en los dem\u00e1s y puede comenzar a cambiar sus estructuras, instituciones y formas de relaci\u00f3n sobre todo consigo mismo, los dem\u00e1s y el planeta.<\/p>\n<p>La Re-evoluci\u00f3n se plasma en actitudes, pensamientos y acciones concretas y coherentes con esta visi\u00f3n, tanto a nivel grupal como personal, y utiliza todos los medios y canales no violentos disponibles que puedan ayudar a esta transformaci\u00f3n, cuidando siempre la libertad de las personas, la paz y lo bonito, en el sentido de que sean acciones trascendentes y significativas. <span>\u00a0\u00a0<\/span><\/p>\n<p>[\/et_pb_text][\/et_pb_column][\/et_pb_row][\/et_pb_section][et_pb_section fb_built=\u00bb1&#8243; _builder_version=\u00bb4.7.4&#8243; _module_preset=\u00bbdefault\u00bb da_disable_devices=\u00bboff|off|off\u00bb da_is_popup=\u00bboff\u00bb da_exit_intent=\u00bboff\u00bb da_has_close=\u00bbon\u00bb da_alt_close=\u00bboff\u00bb da_dark_close=\u00bboff\u00bb da_not_modal=\u00bbon\u00bb da_is_singular=\u00bboff\u00bb da_with_loader=\u00bboff\u00bb da_has_shadow=\u00bbon\u00bb][\/et_pb_section]<\/p>\n","protected":false},"excerpt":{"rendered":"<p>Nuestro POR QU\u00c9Es el anhelo de la Fundaci\u00f3n V\u00ednculo gestar una Re-evoluci\u00f3n Amorista que consiste en una transformaci\u00f3n profunda y radical del modo de ser y hacer de cada persona y de la sociedad, que nos permita transitar del paradigma actual del rendimiento, consumo, individualismo, depredaci\u00f3n y deshumanizaci\u00f3n, a un paradigma sustentado en v\u00ednculos nutritivos [&hellip;]<\/p>\n","protected":false},"author":3,"featured_media":0,"parent":0,"menu_order":0,"comment_status":"closed","ping_status":"closed","template":"","meta":{"_et_pb_use_builder":"on","_et_pb_old_content":"","_et_gb_content_width":"","_vp_format_video_url":"","_vp_image_focal_point":[],"_joinchat":[],"footnotes":""},"class_list":["post-98","page","type-page","status-publish","hentry"],"_links":{"self":[{"href":"https:\/\/fundacionvinculo.cl\/sitio\/wp-json\/wp\/v2\/pages\/98","targetHints":{"allow":["GET"]}}],"collection":[{"href":"https:\/\/fundacionvinculo.cl\/sitio\/wp-json\/wp\/v2\/pages"}],"about":[{"href":"https:\/\/fundacionvinculo.cl\/sitio\/wp-json\/wp\/v2\/types\/page"}],"author":[{"embeddable":true,"href":"https:\/\/fundacionvinculo.cl\/sitio\/wp-json\/wp\/v2\/users\/3"}],"replies":[{"embeddable":true,"href":"https:\/\/fundacionvinculo.cl\/sitio\/wp-json\/wp\/v2\/comments?post=98"}],"version-history":[{"count":0,"href":"https:\/\/fundacionvinculo.cl\/sitio\/wp-json\/wp\/v2\/pages\/98\/revisions"}],"wp:attachment":[{"href":"https:\/\/fundacionvinculo.cl\/sitio\/wp-json\/wp\/v2\/media?parent=98"}],"curies":[{"name":"wp","href":"https:\/\/api.w.org\/{rel}","templated":true}]}}