{"id":205,"date":"2021-04-29T16:17:16","date_gmt":"2021-04-29T16:17:16","guid":{"rendered":"https:\/\/fundacionvinculo.cl\/sitio\/?page_id=205"},"modified":"2021-06-10T00:32:27","modified_gmt":"2021-06-10T04:32:27","slug":"material-audiovisual","status":"publish","type":"page","link":"https:\/\/fundacionvinculo.cl\/sitio\/material-audiovisual\/","title":{"rendered":"Material Audiovisual"},"content":{"rendered":"<p>[et_pb_section fb_built=\u00bb1&#8243; admin_label=\u00bbHeader\u00bb _builder_version=\u00bb4.7.4&#8243; background_color_gradient_direction=\u00bb86deg\u00bb background_image=\u00bbhttps:\/\/fundacionvinculo.cl\/sitio\/wp-content\/uploads\/2021\/05\/Fondo-violeta-23842-C.jpg\u00bb parallax=\u00bbon\u00bb parallax_method=\u00bboff\u00bb width=\u00bb100%\u00bb max_width=\u00bb100%\u00bb max_width_tablet=\u00bb\u00bb max_width_phone=\u00bb\u00bb max_width_last_edited=\u00bbon|desktop\u00bb custom_margin=\u00bb0px||0px||false|false\u00bb custom_padding=\u00bb0px||0px||false|false\u00bb da_is_popup=\u00bboff\u00bb da_exit_intent=\u00bboff\u00bb da_has_close=\u00bbon\u00bb da_alt_close=\u00bboff\u00bb da_dark_close=\u00bboff\u00bb da_not_modal=\u00bbon\u00bb da_is_singular=\u00bboff\u00bb da_with_loader=\u00bboff\u00bb da_has_shadow=\u00bbon\u00bb da_disable_devices=\u00bboff|off|off\u00bb][et_pb_row use_custom_gutter=\u00bbon\u00bb make_equal=\u00bbon\u00bb _builder_version=\u00bb4.7.4&#8243; _module_preset=\u00bbdefault\u00bb background_image=\u00bbhttps:\/\/fundacionvinculo.cl\/sitio\/wp-content\/uploads\/2021\/04\/calligraphy_68.png\u00bb background_position=\u00bbtop_center\u00bb width=\u00bb100%\u00bb max_width=\u00bb100%\u00bb module_alignment=\u00bbcenter\u00bb custom_margin=\u00bb0px|auto||auto|false|false\u00bb custom_padding=\u00bb30px||161px||false|false\u00bb][et_pb_column type=\u00bb4_4&#8243; _builder_version=\u00bb4.7.4&#8243; _module_preset=\u00bbdefault\u00bb][\/et_pb_column][\/et_pb_row][et_pb_row custom_padding_last_edited=\u00bboff|phone\u00bb padding_top_bottom_link_1=\u00bbtrue\u00bb padding_left_right_link_1=\u00bbtrue\u00bb _builder_version=\u00bb4.7.4&#8243; background_position=\u00bbbottom_center\u00bb max_width=\u00bb80%\u00bb custom_margin=\u00bb||||false|false\u00bb custom_padding=\u00bb0px|||||\u00bb custom_padding_tablet=\u00bb17vw||17vw||false\u00bb use_custom_width=\u00bbon\u00bb width_unit=\u00bboff\u00bb custom_width_percent=\u00bb100%\u00bb][et_pb_column type=\u00bb4_4&#8243; _builder_version=\u00bb3.25&#8243; custom_padding=\u00bb|||\u00bb custom_padding_tablet=\u00bb60px||60px||true\u00bb custom_padding_phone=\u00bb40px||40px||true\u00bb custom_padding_last_edited=\u00bboff|phone\u00bb custom_padding__hover=\u00bb|||\u00bb][et_pb_text _builder_version=\u00bb4.9.4&#8243; _module_preset=\u00bbdefault\u00bb header_text_align=\u00bbcenter\u00bb header_2_font=\u00bbDelius||||||||\u00bb header_2_text_align=\u00bbcenter\u00bb header_2_text_color=\u00bb#242424&#8243; header_2_font_size=\u00bb100px\u00bb header_3_font=\u00bbGloria Hallelujah|300|||||||\u00bb header_3_text_color=\u00bb#ffffff\u00bb header_3_font_size=\u00bb86px\u00bb header_3_line_height=\u00bb1.2em\u00bb custom_margin=\u00bb||0px|||\u00bb custom_padding=\u00bb0px||||false|false\u00bb hover_enabled=\u00bb0&#8243; header_2_text_shadow_style=\u00bbpreset2&#8243; header_2_text_shadow_blur_strength=\u00bb0.2em\u00bb header_2_text_shadow_color=\u00bbrgba(0,0,0,0.22)\u00bb header_3_text_shadow_style=\u00bbpreset1&#8243; header_3_text_shadow_color=\u00bbrgba(0,0,0,0.25)\u00bb header_font=\u00bbDelius||||||||\u00bb header_font_size_last_edited=\u00bbon|phone\u00bb header_font_size=\u00bb75px\u00bb sticky_enabled=\u00bb0&#8243; header_font_size_tablet=\u00bb50px\u00bb header_font_size_phone=\u00bb36px\u00bb]<\/p>\n<h1 style=\"text-align: center;\"><strong>Material Audiovisual<\/strong><\/h1>\n<p>[\/et_pb_text][\/et_pb_column][\/et_pb_row][et_pb_row column_structure=\u00bb1_3,1_3,1_3&#8243; _builder_version=\u00bb4.9.4&#8243; _module_preset=\u00bbdefault\u00bb module_alignment=\u00bbcenter\u00bb custom_margin=\u00bb19px||0px||false|true\u00bb hover_enabled=\u00bb0&#8243; custom_margin_last_edited=\u00bbon|tablet\u00bb custom_padding=\u00bb||0px||false|true\u00bb custom_padding_last_edited=\u00bbon|desktop\u00bb max_width_last_edited=\u00bbon|desktop\u00bb width_last_edited=\u00bbon|desktop\u00bb width=\u00bb100%\u00bb max_width=\u00bb80%\u00bb sticky_enabled=\u00bb0&#8243; custom_margin_phone=\u00bb||0px||false|false\u00bb custom_padding_phone=\u00bb||0px||false|false\u00bb][et_pb_column type=\u00bb1_3&#8243; _builder_version=\u00bb4.7.4&#8243; _module_preset=\u00bbdefault\u00bb][et_pb_button button_url=\u00bb@ET-DC@eyJkeW5hbWljIjp0cnVlLCJjb250ZW50IjoicG9zdF9saW5rX3VybF9wYWdlIiwic2V0dGluZ3MiOnsicG9zdF9pZCI6IjIxMyJ9fQ==@\u00bb button_text=\u00bbPost de Instagram\u00bb button_alignment=\u00bbcenter\u00bb _builder_version=\u00bb4.9.4&#8243; _dynamic_attributes=\u00bbbutton_url\u00bb _module_preset=\u00bbdefault\u00bb custom_button=\u00bbon\u00bb button_text_size=\u00bb18px\u00bb button_text_color=\u00bb#ffffff\u00bb button_bg_color=\u00bb#8d0aa8&#8243; button_border_radius=\u00bb14px\u00bb button_use_icon=\u00bboff\u00bb custom_padding=\u00bb|60px||60px|false|true\u00bb animation_style=\u00bbfade\u00bb box_shadow_style=\u00bbpreset2&#8243; custom_padding_last_edited=\u00bbon|phone\u00bb custom_padding_phone=\u00bb|19%||19%|false|true\u00bb sticky_enabled=\u00bb0&#8243; button_alignment_last_edited=\u00bbon|desktop\u00bb hover_enabled=\u00bb0&#8243; custom_padding_tablet=\u00bb|13%||13%|false|true\u00bb][\/et_pb_button][\/et_pb_column][et_pb_column type=\u00bb1_3&#8243; _builder_version=\u00bb4.7.4&#8243; _module_preset=\u00bbdefault\u00bb][et_pb_button button_url=\u00bb@ET-DC@eyJkeW5hbWljIjp0cnVlLCJjb250ZW50IjoicG9zdF9saW5rX3VybF9wYWdlIiwic2V0dGluZ3MiOnsicG9zdF9pZCI6IjIwOSJ9fQ==@\u00bb button_text=\u00bbC\u00e1psulas y Videos\u00bb button_alignment=\u00bbcenter\u00bb _builder_version=\u00bb4.9.4&#8243; _dynamic_attributes=\u00bbbutton_url\u00bb _module_preset=\u00bbdefault\u00bb custom_button=\u00bbon\u00bb button_text_size=\u00bb18px\u00bb button_text_color=\u00bb#ffffff\u00bb button_bg_color=\u00bb#8d0aa8&#8243; button_border_radius=\u00bb14px\u00bb button_use_icon=\u00bboff\u00bb custom_padding=\u00bb|60px||60px|false|true\u00bb animation_style=\u00bbfade\u00bb box_shadow_style=\u00bbpreset2&#8243; custom_padding_phone=\u00bb|19%||19%|false|true\u00bb custom_padding_last_edited=\u00bbon|phone\u00bb sticky_enabled=\u00bb0&#8243; button_alignment_last_edited=\u00bbon|desktop\u00bb hover_enabled=\u00bb0&#8243; custom_padding_tablet=\u00bb|13%||13%|false|true\u00bb][\/et_pb_button][\/et_pb_column][et_pb_column type=\u00bb1_3&#8243; _builder_version=\u00bb4.7.4&#8243; _module_preset=\u00bbdefault\u00bb][et_pb_button button_url=\u00bb@ET-DC@eyJkeW5hbWljIjp0cnVlLCJjb250ZW50IjoicG9zdF9saW5rX3VybF9wYWdlIiwic2V0dGluZ3MiOnsicG9zdF9pZCI6IjIwNyJ9fQ==@\u00bb button_text=\u00bbPresentaciones en PPT\u00bb button_alignment=\u00bbcenter\u00bb _builder_version=\u00bb4.9.4&#8243; _dynamic_attributes=\u00bbbutton_url\u00bb _module_preset=\u00bbdefault\u00bb custom_button=\u00bbon\u00bb button_text_size=\u00bb18px\u00bb button_text_color=\u00bb#ffffff\u00bb button_bg_color=\u00bb#8d0aa8&#8243; button_border_radius=\u00bb14px\u00bb button_use_icon=\u00bboff\u00bb animation_style=\u00bbfade\u00bb box_shadow_style=\u00bbpreset2&#8243; custom_padding=\u00bb|60px||60px|false|true\u00bb custom_padding_phone=\u00bb|40px||40px|false|false\u00bb custom_padding_last_edited=\u00bbon|phone\u00bb sticky_enabled=\u00bb0&#8243; transform_scale_last_edited=\u00bbon|desktop\u00bb transform_translate_last_edited=\u00bbon|desktop\u00bb transform_rotate_last_edited=\u00bbon|desktop\u00bb transform_skew_last_edited=\u00bbon|desktop\u00bb transform_origin_last_edited=\u00bbon|desktop\u00bb button_alignment_last_edited=\u00bbon|desktop\u00bb][\/et_pb_button][\/et_pb_column][\/et_pb_row][et_pb_row column_structure=\u00bb1_3,1_3,1_3&#8243; _builder_version=\u00bb4.9.4&#8243; _module_preset=\u00bbdefault\u00bb module_alignment=\u00bbcenter\u00bb custom_margin=\u00bb19px||||false|true\u00bb hover_enabled=\u00bb0&#8243; custom_margin_last_edited=\u00bbon|desktop\u00bb custom_padding=\u00bb||||false|true\u00bb custom_padding_last_edited=\u00bbon|desktop\u00bb max_width_last_edited=\u00bbon|desktop\u00bb width_last_edited=\u00bbon|desktop\u00bb width=\u00bb100%\u00bb max_width=\u00bb80%\u00bb sticky_enabled=\u00bb0&#8243; custom_margin_phone=\u00bb0px||||false|false\u00bb][et_pb_column type=\u00bb1_3&#8243; _builder_version=\u00bb4.7.4&#8243; _module_preset=\u00bbdefault\u00bb][et_pb_button button_url=\u00bb@ET-DC@eyJkeW5hbWljIjp0cnVlLCJjb250ZW50IjoicG9zdF9saW5rX3VybF9wYWdlIiwic2V0dGluZ3MiOnsicG9zdF9pZCI6IjIxMSJ9fQ==@\u00bb button_text=\u00bbPodcasts\u00bb button_alignment=\u00bbcenter\u00bb _builder_version=\u00bb4.9.4&#8243; _dynamic_attributes=\u00bbbutton_url\u00bb _module_preset=\u00bbdefault\u00bb custom_button=\u00bbon\u00bb button_text_size=\u00bb18px\u00bb button_text_color=\u00bb#ffffff\u00bb button_bg_color=\u00bb#8d0aa8&#8243; button_border_radius=\u00bb14px\u00bb button_use_icon=\u00bboff\u00bb custom_padding=\u00bb|60px||60px|false|true\u00bb animation_style=\u00bbfade\u00bb box_shadow_style=\u00bbpreset2&#8243; custom_padding_phone=\u00bb|30%||30%|false|true\u00bb custom_padding_last_edited=\u00bbon|phone\u00bb sticky_enabled=\u00bb0&#8243; button_alignment_last_edited=\u00bbon|desktop\u00bb hover_enabled=\u00bb0&#8243; custom_padding_tablet=\u00bb|19%||19%|false|true\u00bb][\/et_pb_button][\/et_pb_column][et_pb_column type=\u00bb1_3&#8243; _builder_version=\u00bb4.7.4&#8243; _module_preset=\u00bbdefault\u00bb][et_pb_button button_url=\u00bb@ET-DC@eyJkeW5hbWljIjp0cnVlLCJjb250ZW50IjoicG9zdF9saW5rX3VybF9wYWdlIiwic2V0dGluZ3MiOnsicG9zdF9pZCI6IjIyMCJ9fQ==@\u00bb button_text=\u00bbGaler\u00eda\u00bb button_alignment=\u00bbcenter\u00bb _builder_version=\u00bb4.9.4&#8243; _dynamic_attributes=\u00bbbutton_url\u00bb _module_preset=\u00bbdefault\u00bb custom_button=\u00bbon\u00bb button_text_size=\u00bb18px\u00bb button_text_color=\u00bb#ffffff\u00bb button_bg_color=\u00bb#8d0aa8&#8243; button_border_radius=\u00bb14px\u00bb button_use_icon=\u00bboff\u00bb custom_padding=\u00bb|60px||60px|false|true\u00bb animation_style=\u00bbfade\u00bb box_shadow_style=\u00bbpreset2&#8243; custom_padding_phone=\u00bb|32%||32%|false|true\u00bb custom_padding_last_edited=\u00bbon|phone\u00bb button_alignment_last_edited=\u00bbon|desktop\u00bb hover_enabled=\u00bb0&#8243; sticky_enabled=\u00bb0&#8243; custom_padding_tablet=\u00bb|20%||20%|false|true\u00bb][\/et_pb_button][\/et_pb_column][et_pb_column type=\u00bb1_3&#8243; _builder_version=\u00bb4.7.4&#8243; _module_preset=\u00bbdefault\u00bb][et_pb_button button_url=\u00bb@ET-DC@eyJkeW5hbWljIjp0cnVlLCJjb250ZW50IjoicG9zdF9saW5rX3VybF9wYWdlIiwic2V0dGluZ3MiOnsicG9zdF9pZCI6IjE3NiJ9fQ==@\u00bb button_text=\u00bbOtros\u00bb _builder_version=\u00bb4.9.4&#8243; _dynamic_attributes=\u00bbbutton_url\u00bb _module_preset=\u00bbdefault\u00bb custom_button=\u00bbon\u00bb button_text_size=\u00bb18px\u00bb button_text_color=\u00bb#ffffff\u00bb button_bg_color=\u00bb#8d0aa8&#8243; button_border_radius=\u00bb14px\u00bb button_use_icon=\u00bboff\u00bb custom_padding=\u00bb|60px||60px|false|true\u00bb animation_style=\u00bbfade\u00bb box_shadow_style=\u00bbpreset2&#8243; button_alignment=\u00bbcenter\u00bb custom_padding_phone=\u00bb|34%||34%|false|true\u00bb custom_padding_last_edited=\u00bbon|phone\u00bb button_alignment_last_edited=\u00bbon|desktop\u00bb custom_margin=\u00bb||||false|false\u00bb hover_enabled=\u00bb0&#8243; sticky_enabled=\u00bb0&#8243; custom_padding_tablet=\u00bb|21%||21%|false|true\u00bb][\/et_pb_button][\/et_pb_column][\/et_pb_row][et_pb_row use_custom_gutter=\u00bbon\u00bb make_equal=\u00bbon\u00bb custom_padding_last_edited=\u00bbon|phone\u00bb _builder_version=\u00bb4.7.4&#8243; background_image=\u00bbhttps:\/\/fundacionvinculo.cl\/sitio\/wp-content\/uploads\/2021\/04\/calligraphy_54.png\u00bb background_position=\u00bbbottom_center\u00bb width=\u00bb100%\u00bb max_width=\u00bb100%\u00bb min_height=\u00bb27px\u00bb custom_margin=\u00bb|auto|0px|auto|false|false\u00bb custom_padding=\u00bb271px||0px||false|false\u00bb custom_padding_tablet=\u00bb\u00bb custom_padding_phone=\u00bb\u00bb global_module=\u00bb1558&#8243; saved_tabs=\u00bball\u00bb locked=\u00bboff\u00bb][et_pb_column type=\u00bb4_4&#8243; _builder_version=\u00bb3.25&#8243; custom_padding=\u00bb|||\u00bb custom_padding__hover=\u00bb|||\u00bb][\/et_pb_column][\/et_pb_row][\/et_pb_section][et_pb_section fb_built=\u00bb1&#8243; admin_label=\u00bbMistagogia\u00bb module_id=\u00bbmistagogia\u00bb module_class=\u00bbpopup\u00bb _builder_version=\u00bb4.7.4&#8243; background_image=\u00bbhttps:\/\/fundacionvinculo.cl\/sitio\/wp-content\/uploads\/2021\/05\/17975521C.jpg\u00bb parallax=\u00bbon\u00bb custom_margin=\u00bb||||false|false\u00bb custom_padding=\u00bb120px||120px||false|false\u00bb link_option_url=\u00bb#Mistagogia\u00bb locked=\u00bboff\u00bb da_is_popup=\u00bbon\u00bb da_popup_slug=\u00bbmistagogia\u00bb da_exit_intent=\u00bboff\u00bb da_has_close=\u00bbon\u00bb da_alt_close=\u00bboff\u00bb da_dark_close=\u00bboff\u00bb da_not_modal=\u00bbon\u00bb da_is_singular=\u00bboff\u00bb da_with_loader=\u00bboff\u00bb da_has_shadow=\u00bbon\u00bb da_disable_devices=\u00bboff|off|off\u00bb][et_pb_row module_id=\u00bbmistagogia\u00bb _builder_version=\u00bb4.7.4&#8243; transform_translate_linked=\u00bboff\u00bb custom_padding=\u00bb0px|40px|0px|40px|true|true\u00bb border_color_all=\u00bbrgba(0,0,0,0.18)\u00bb][et_pb_column type=\u00bb4_4&#8243; _builder_version=\u00bb3.25&#8243; custom_padding=\u00bb|||\u00bb custom_padding__hover=\u00bb|||\u00bb][\/et_pb_column][\/et_pb_row][\/et_pb_section][et_pb_section fb_built=\u00bb1&#8243; admin_label=\u00bbMistagogia\u00bb module_id=\u00bbveras\u00bb module_class=\u00bbpopup\u00bb _builder_version=\u00bb4.7.4&#8243; background_image=\u00bbhttps:\/\/fundacionvinculo.cl\/sitio\/wp-content\/uploads\/2021\/05\/FONDO-SL_100620_36400_05-A.jpg\u00bb background_position=\u00bbbottom_center\u00bb custom_margin=\u00bb0px||0px||false|false\u00bb custom_padding=\u00bb120px||250px||false|false\u00bb link_option_url=\u00bb#Mistagogia\u00bb locked=\u00bboff\u00bb da_is_popup=\u00bbon\u00bb da_popup_slug=\u00bbveras\u00bb da_exit_intent=\u00bboff\u00bb da_has_close=\u00bbon\u00bb da_alt_close=\u00bboff\u00bb da_dark_close=\u00bboff\u00bb da_not_modal=\u00bbon\u00bb da_is_singular=\u00bboff\u00bb da_with_loader=\u00bboff\u00bb da_has_shadow=\u00bbon\u00bb da_disable_devices=\u00bboff|off|off\u00bb][et_pb_row module_id=\u00bbmistagogia\u00bb _builder_version=\u00bb4.7.4&#8243; transform_translate_linked=\u00bboff\u00bb custom_padding=\u00bb0px|40px|0px|40px|true|true\u00bb border_color_all=\u00bbrgba(0,0,0,0.18)\u00bb][et_pb_column type=\u00bb4_4&#8243; _builder_version=\u00bb3.25&#8243; custom_padding=\u00bb|||\u00bb custom_padding__hover=\u00bb|||\u00bb][\/et_pb_column][\/et_pb_row][et_pb_row module_id=\u00bbmistagogia\u00bb _builder_version=\u00bb4.7.4&#8243; background_color=\u00bbrgba(0,0,0,0.39)\u00bb transform_translate_linked=\u00bboff\u00bb custom_padding=\u00bb40px|40px|40px|40px|true|true\u00bb border_radii=\u00bbon|10px|10px|10px|10px\u00bb border_color_all=\u00bbrgba(0,0,0,0.18)\u00bb][et_pb_column type=\u00bb4_4&#8243; _builder_version=\u00bb3.25&#8243; custom_padding=\u00bb|||\u00bb custom_padding__hover=\u00bb|||\u00bb][et_pb_text _builder_version=\u00bb4.7.4&#8243; text_font=\u00bbMuli||||||||\u00bb text_font_size=\u00bb22px\u00bb text_line_height=\u00bb2em\u00bb header_font=\u00bb||||||||\u00bb header_3_text_align=\u00bbcenter\u00bb header_3_text_color=\u00bb#ffffff\u00bb header_3_font_size=\u00bb41px\u00bb transform_scale_linked=\u00bboff\u00bb transform_translate=\u00bb1px|0px\u00bb transform_translate_linked=\u00bboff\u00bb width=\u00bb100%\u00bb module_alignment=\u00bbleft\u00bb custom_margin=\u00bb|112px||||\u00bb custom_padding=\u00bb|0px|0px|0px||\u00bb text_font_size_tablet=\u00bb\u00bb text_font_size_phone=\u00bb15px\u00bb text_font_size_last_edited=\u00bbon|desktop\u00bb text_line_height_tablet=\u00bb\u00bb text_line_height_phone=\u00bb1.7em\u00bb text_line_height_last_edited=\u00bbon|phone\u00bb locked=\u00bboff\u00bb]<\/p>\n<h3>Cursos que destacan<\/h3>\n<p>[\/et_pb_text][et_pb_text _builder_version=\u00bb4.7.4&#8243; text_font=\u00bbMuli||||||||\u00bb text_text_color=\u00bb#ffffff\u00bb text_font_size=\u00bb22px\u00bb text_line_height=\u00bb2em\u00bb ul_font=\u00bbDelius||||||||\u00bb ul_text_align=\u00bbleft\u00bb ul_line_height=\u00bb1.6em\u00bb header_font=\u00bb||||||||\u00bb transform_scale_linked=\u00bboff\u00bb transform_translate=\u00bb1px|0px\u00bb transform_translate_linked=\u00bboff\u00bb width=\u00bb100%\u00bb module_alignment=\u00bbleft\u00bb custom_margin=\u00bb||||false|false\u00bb custom_padding=\u00bb|10px||40px|false|false\u00bb text_font_size_tablet=\u00bb\u00bb text_font_size_phone=\u00bb15px\u00bb text_font_size_last_edited=\u00bbon|desktop\u00bb text_line_height_tablet=\u00bb\u00bb text_line_height_phone=\u00bb1.7em\u00bb text_line_height_last_edited=\u00bbon|phone\u00bb locked=\u00bboff\u00bb]<\/p>\n<ul>\n<li>Formaci\u00f3n de padres y apoderados en temas de v\u00ednculos de pareja y familia.<\/li>\n<li>Formaci\u00f3n de padres y apoderados en temas de fe y catequesis.<\/li>\n<li>Formaci\u00f3n de docentes y administrativos de comunidades educativas en temas relacionados con v\u00ednculos.<\/li>\n<li>Formaci\u00f3n de colaboradores de empresas, organizaciones y fundaciones que anhelen humanizar sus contextos a trav\u00e9s de una propuesta universal y concreta.<\/li>\n<li>Formaci\u00f3n de comunidades parroquiales, religiosas, sacerdotales y personas consagradas en temas de fe y v\u00ednculos.<\/li>\n<li>Talleres y conferencias para ni\u00f1os, adolescentes y j\u00f3venes, adaptando el tema de los v\u00ednculos para ellos.<\/li>\n<li>Formaci\u00f3n y contenci\u00f3n en temas contingentes como la pandemia, soledad, muerte, prevenci\u00f3n, cuidado, autocuidado etc.<\/li>\n<li>Formaci\u00f3n en temas de ecolog\u00eda integral.<\/li>\n<li>Formaci\u00f3n en Psicolog\u00eda social.<\/li>\n<\/ul>\n<p>[\/et_pb_text][\/et_pb_column][\/et_pb_row][\/et_pb_section][et_pb_section fb_built=\u00bb1&#8243; _builder_version=\u00bb4.7.4&#8243; _module_preset=\u00bbdefault\u00bb da_is_popup=\u00bboff\u00bb da_exit_intent=\u00bboff\u00bb da_has_close=\u00bbon\u00bb da_alt_close=\u00bboff\u00bb da_dark_close=\u00bboff\u00bb da_not_modal=\u00bbon\u00bb da_is_singular=\u00bboff\u00bb da_with_loader=\u00bboff\u00bb da_has_shadow=\u00bbon\u00bb da_disable_devices=\u00bboff|off|off\u00bb][\/et_pb_section]<\/p>\n","protected":false},"excerpt":{"rendered":"<p>Material AudiovisualCursos que destacan Formaci\u00f3n de padres y apoderados en temas de v\u00ednculos de pareja y familia. Formaci\u00f3n de padres y apoderados en temas de fe y catequesis. Formaci\u00f3n de docentes y administrativos de comunidades educativas en temas relacionados con v\u00ednculos. Formaci\u00f3n de colaboradores de empresas, organizaciones y fundaciones que anhelen humanizar sus contextos a [&hellip;]<\/p>\n","protected":false},"author":3,"featured_media":0,"parent":0,"menu_order":0,"comment_status":"closed","ping_status":"closed","template":"","meta":{"_et_pb_use_builder":"on","_et_pb_old_content":"<!-- wp:divi\/placeholder \/-->","_et_gb_content_width":"","_vp_format_video_url":"","_vp_image_focal_point":[],"_joinchat":[],"footnotes":""},"class_list":["post-205","page","type-page","status-publish","hentry"],"_links":{"self":[{"href":"https:\/\/fundacionvinculo.cl\/sitio\/wp-json\/wp\/v2\/pages\/205","targetHints":{"allow":["GET"]}}],"collection":[{"href":"https:\/\/fundacionvinculo.cl\/sitio\/wp-json\/wp\/v2\/pages"}],"about":[{"href":"https:\/\/fundacionvinculo.cl\/sitio\/wp-json\/wp\/v2\/types\/page"}],"author":[{"embeddable":true,"href":"https:\/\/fundacionvinculo.cl\/sitio\/wp-json\/wp\/v2\/users\/3"}],"replies":[{"embeddable":true,"href":"https:\/\/fundacionvinculo.cl\/sitio\/wp-json\/wp\/v2\/comments?post=205"}],"version-history":[{"count":0,"href":"https:\/\/fundacionvinculo.cl\/sitio\/wp-json\/wp\/v2\/pages\/205\/revisions"}],"wp:attachment":[{"href":"https:\/\/fundacionvinculo.cl\/sitio\/wp-json\/wp\/v2\/media?parent=205"}],"curies":[{"name":"wp","href":"https:\/\/api.w.org\/{rel}","templated":true}]}}