{"id":191,"date":"2021-04-29T16:12:27","date_gmt":"2021-04-29T16:12:27","guid":{"rendered":"https:\/\/fundacionvinculo.cl\/sitio\/?page_id=191"},"modified":"2021-06-10T00:43:45","modified_gmt":"2021-06-10T04:43:45","slug":"material-escrito","status":"publish","type":"page","link":"https:\/\/fundacionvinculo.cl\/sitio\/material-escrito\/","title":{"rendered":"Material escrito"},"content":{"rendered":"<p>[et_pb_section fb_built=\u00bb1&#8243; admin_label=\u00bbHeader\u00bb _builder_version=\u00bb4.7.4&#8243; background_color_gradient_direction=\u00bb86deg\u00bb background_image=\u00bbhttps:\/\/fundacionvinculo.cl\/sitio\/wp-content\/uploads\/2021\/05\/Fondo-verde-23842.jpg\u00bb parallax=\u00bbon\u00bb parallax_method=\u00bboff\u00bb width=\u00bb100%\u00bb max_width=\u00bb100%\u00bb max_width_tablet=\u00bb\u00bb max_width_phone=\u00bb\u00bb max_width_last_edited=\u00bbon|desktop\u00bb custom_margin=\u00bb0px||0px||false|false\u00bb custom_padding=\u00bb0px||0px||false|false\u00bb da_is_popup=\u00bboff\u00bb da_exit_intent=\u00bboff\u00bb da_has_close=\u00bbon\u00bb da_alt_close=\u00bboff\u00bb da_dark_close=\u00bboff\u00bb da_not_modal=\u00bbon\u00bb da_is_singular=\u00bboff\u00bb da_with_loader=\u00bboff\u00bb da_has_shadow=\u00bbon\u00bb da_disable_devices=\u00bboff|off|off\u00bb][et_pb_row use_custom_gutter=\u00bbon\u00bb make_equal=\u00bbon\u00bb _builder_version=\u00bb4.9.4&#8243; _module_preset=\u00bbdefault\u00bb background_image=\u00bbhttps:\/\/fundacionvinculo.cl\/sitio\/wp-content\/uploads\/2021\/04\/calligraphy_68.png\u00bb background_position=\u00bbtop_center\u00bb width=\u00bb100%\u00bb max_width=\u00bb100%\u00bb module_alignment=\u00bbcenter\u00bb custom_margin=\u00bb0px|auto||auto|false|false\u00bb custom_padding=\u00bb30px||60px||false|false\u00bb hover_enabled=\u00bb0&#8243; custom_margin_last_edited=\u00bbon|desktop\u00bb custom_padding_last_edited=\u00bbon|phone\u00bb custom_padding_tablet=\u00bb6px||60px||false|false\u00bb sticky_enabled=\u00bb0&#8243;][et_pb_column type=\u00bb4_4&#8243; _builder_version=\u00bb4.7.4&#8243; _module_preset=\u00bbdefault\u00bb][\/et_pb_column][\/et_pb_row][et_pb_row custom_padding_last_edited=\u00bboff|phone\u00bb padding_top_bottom_link_1=\u00bbtrue\u00bb padding_left_right_link_1=\u00bbtrue\u00bb _builder_version=\u00bb4.7.4&#8243; background_position=\u00bbbottom_center\u00bb max_width=\u00bb80%\u00bb custom_margin=\u00bb||||false|false\u00bb custom_padding=\u00bb0px|||||\u00bb custom_padding_tablet=\u00bb17vw||17vw||false\u00bb use_custom_width=\u00bbon\u00bb width_unit=\u00bboff\u00bb custom_width_percent=\u00bb100%\u00bb][et_pb_column type=\u00bb4_4&#8243; _builder_version=\u00bb3.25&#8243; custom_padding=\u00bb|||\u00bb custom_padding_tablet=\u00bb60px||60px||true\u00bb custom_padding_phone=\u00bb40px||40px||true\u00bb custom_padding_last_edited=\u00bboff|phone\u00bb custom_padding__hover=\u00bb|||\u00bb][et_pb_text _builder_version=\u00bb4.9.4&#8243; _module_preset=\u00bbdefault\u00bb header_text_align=\u00bbcenter\u00bb header_2_font=\u00bbDelius||||||||\u00bb header_2_text_align=\u00bbcenter\u00bb header_2_text_color=\u00bb#242424&#8243; header_2_font_size=\u00bb100px\u00bb header_3_font=\u00bbGloria Hallelujah|300|||||||\u00bb header_3_text_color=\u00bb#ffffff\u00bb header_3_font_size=\u00bb86px\u00bb header_3_line_height=\u00bb1.2em\u00bb custom_margin=\u00bb||0px|||\u00bb custom_padding=\u00bb0px||||false|false\u00bb hover_enabled=\u00bb0&#8243; header_2_text_shadow_style=\u00bbpreset2&#8243; header_2_text_shadow_blur_strength=\u00bb0.2em\u00bb header_2_text_shadow_color=\u00bbrgba(0,0,0,0.22)\u00bb header_3_text_shadow_style=\u00bbpreset1&#8243; header_3_text_shadow_color=\u00bbrgba(0,0,0,0.25)\u00bb header_font=\u00bbDelius||||||||\u00bb header_font_size_last_edited=\u00bbon|phone\u00bb header_font_size=\u00bb75px\u00bb sticky_enabled=\u00bb0&#8243; header_font_size_tablet=\u00bb50px\u00bb header_font_size_phone=\u00bb36px\u00bb]<\/p>\n<h1 style=\"text-align: center;\"><strong>Material Escrito<\/strong><\/h1>\n<p>[\/et_pb_text][\/et_pb_column][\/et_pb_row][et_pb_row column_structure=\u00bb1_4,1_4,1_4,1_4&#8243; _builder_version=\u00bb4.7.4&#8243; _module_preset=\u00bbdefault\u00bb module_alignment=\u00bbcenter\u00bb custom_margin=\u00bb19px|auto||auto||\u00bb][et_pb_column type=\u00bb1_4&#8243; _builder_version=\u00bb4.7.4&#8243; _module_preset=\u00bbdefault\u00bb][et_pb_button button_url=\u00bb@ET-DC@eyJkeW5hbWljIjp0cnVlLCJjb250ZW50IjoicG9zdF9saW5rX3VybF9wYWdlIiwic2V0dGluZ3MiOnsicG9zdF9pZCI6IjE5MyJ9fQ==@\u00bb button_text=\u00bbLibros Impresos y Digitales\u00bb button_alignment=\u00bbcenter\u00bb _builder_version=\u00bb4.9.4&#8243; _dynamic_attributes=\u00bbbutton_url\u00bb _module_preset=\u00bbdefault\u00bb custom_button=\u00bbon\u00bb button_text_size=\u00bb17px\u00bb button_text_color=\u00bb#ffffff\u00bb button_bg_color=\u00bb#128e7a\u00bb button_border_radius=\u00bb15px\u00bb button_use_icon=\u00bboff\u00bb custom_margin=\u00bb|-13px||||\u00bb animation_style=\u00bbfade\u00bb hover_enabled=\u00bb0&#8243; box_shadow_style=\u00bbpreset2&#8243; custom_padding_last_edited=\u00bbon|phone\u00bb custom_margin_last_edited=\u00bbon|phone\u00bb custom_margin_phone=\u00bb|0px|||false|false\u00bb custom_padding_phone=\u00bb|15%||15%|false|true\u00bb sticky_enabled=\u00bb0&#8243;][\/et_pb_button][\/et_pb_column][et_pb_column type=\u00bb1_4&#8243; _builder_version=\u00bb4.7.4&#8243; _module_preset=\u00bbdefault\u00bb][et_pb_button button_url=\u00bb@ET-DC@eyJkeW5hbWljIjp0cnVlLCJjb250ZW50IjoicG9zdF9saW5rX3VybF9wYWdlIiwic2V0dGluZ3MiOnsicG9zdF9pZCI6IjE5NSJ9fQ==@\u00bb button_text=\u00bbCuentos que no son cuento\u00bb button_alignment=\u00bbcenter\u00bb _builder_version=\u00bb4.9.4&#8243; _dynamic_attributes=\u00bbbutton_url\u00bb _module_preset=\u00bbdefault\u00bb custom_button=\u00bbon\u00bb button_text_size=\u00bb17px\u00bb button_text_color=\u00bb#ffffff\u00bb button_bg_color=\u00bb#128e7a\u00bb button_border_radius=\u00bb15px\u00bb button_use_icon=\u00bboff\u00bb custom_margin=\u00bb|-13px||||\u00bb animation_style=\u00bbfade\u00bb box_shadow_style=\u00bbpreset2&#8243; custom_margin_phone=\u00bb|0px|||false|false\u00bb custom_margin_last_edited=\u00bbon|phone\u00bb custom_padding_last_edited=\u00bbon|phone\u00bb custom_padding_phone=\u00bb|15%||15%|false|true\u00bb hover_enabled=\u00bb0&#8243; sticky_enabled=\u00bb0&#8243; custom_margin_tablet=\u00bb|0px||0px|false|false\u00bb][\/et_pb_button][\/et_pb_column][et_pb_column type=\u00bb1_4&#8243; _builder_version=\u00bb4.7.4&#8243; _module_preset=\u00bbdefault\u00bb][et_pb_button button_url=\u00bb@ET-DC@eyJkeW5hbWljIjp0cnVlLCJjb250ZW50IjoicG9zdF9saW5rX3VybF9wYWdlIiwic2V0dGluZ3MiOnsicG9zdF9pZCI6IjE5NyJ9fQ==@\u00bb button_text=\u00bbRevista Conversaciones Nos\u00f3tricas\u00bb button_alignment=\u00bbcenter\u00bb _builder_version=\u00bb4.7.4&#8243; _dynamic_attributes=\u00bbbutton_url\u00bb _module_preset=\u00bbdefault\u00bb custom_button=\u00bbon\u00bb button_text_size=\u00bb17px\u00bb button_text_color=\u00bb#ffffff\u00bb button_bg_color=\u00bb#128e7a\u00bb button_border_radius=\u00bb15px\u00bb button_use_icon=\u00bboff\u00bb custom_margin=\u00bb|-13px||||\u00bb animation_style=\u00bbfade\u00bb box_shadow_style=\u00bbpreset2&#8243; custom_margin_phone=\u00bb|0px|||false|false\u00bb custom_margin_last_edited=\u00bbon|phone\u00bb][\/et_pb_button][\/et_pb_column][et_pb_column type=\u00bb1_4&#8243; _builder_version=\u00bb4.7.4&#8243; _module_preset=\u00bbdefault\u00bb][et_pb_button button_url=\u00bb@ET-DC@eyJkeW5hbWljIjp0cnVlLCJjb250ZW50IjoicG9zdF9saW5rX3VybF9wYWdlIiwic2V0dGluZ3MiOnsicG9zdF9pZCI6IjE3MCJ9fQ==@\u00bb button_text=\u00bbPublicaciones\u00bb button_alignment=\u00bbcenter\u00bb _builder_version=\u00bb4.9.4&#8243; _dynamic_attributes=\u00bbbutton_url\u00bb _module_preset=\u00bbdefault\u00bb custom_button=\u00bbon\u00bb button_text_size=\u00bb17px\u00bb button_text_color=\u00bb#ffffff\u00bb button_bg_color=\u00bb#128e7a\u00bb button_border_radius=\u00bb15px\u00bb button_use_icon=\u00bboff\u00bb animation_style=\u00bbfade\u00bb box_shadow_style=\u00bbpreset2&#8243; custom_margin=\u00bb|0px|||false|false\u00bb custom_margin_phone=\u00bb|0px|||false|false\u00bb custom_margin_last_edited=\u00bbon|desktop\u00bb custom_padding_last_edited=\u00bbon|tablet\u00bb custom_padding_phone=\u00bb5px|30%|5px|30%|true|true\u00bb hover_enabled=\u00bb0&#8243; sticky_enabled=\u00bb0&#8243; custom_padding=\u00bb19px|51px|19px|51px|true|true\u00bb custom_padding_tablet=\u00bb5px|50px|5px|50px|true|true\u00bb custom_margin_tablet=\u00bb|0px||0px|false|false\u00bb][\/et_pb_button][\/et_pb_column][\/et_pb_row][et_pb_row _builder_version=\u00bb4.7.4&#8243; _module_preset=\u00bbdefault\u00bb custom_margin=\u00bb43px|auto||auto||\u00bb custom_padding=\u00bb2px|||||\u00bb][et_pb_column type=\u00bb4_4&#8243; _builder_version=\u00bb4.7.4&#8243; _module_preset=\u00bbdefault\u00bb][et_pb_text _builder_version=\u00bb4.9.4&#8243; _module_preset=\u00bbdefault\u00bb text_font=\u00bb||||||||\u00bb text_text_color=\u00bb#000000&#8243; text_font_size=\u00bb22px\u00bb text_line_height=\u00bb2em\u00bb header_font=\u00bb||||||||\u00bb text_orientation=\u00bbjustified\u00bb module_alignment=\u00bbleft\u00bb custom_margin=\u00bb3px||91px|||\u00bb custom_padding=\u00bb||||false|false\u00bb hover_enabled=\u00bb0&#8243; text_font_size_tablet=\u00bb\u00bb text_font_size_phone=\u00bb18px\u00bb text_font_size_last_edited=\u00bbon|desktop\u00bb text_line_height_tablet=\u00bb\u00bb text_line_height_phone=\u00bb1.7em\u00bb text_line_height_last_edited=\u00bbon|phone\u00bb sticky_enabled=\u00bb0&#8243;]<\/p>\n<p>Una de las formas que tenemos para auspiciar los costos de nuestro funcionamiento es la venta de los libros con que contamos como fundaci\u00f3n. Estos se venden pr\u00e1cticamente al costo de su producci\u00f3n y su objetivo es que lleguen a la mayor cantidad de personas posibles.<\/p>\n<p>Por eso te pedimos tu colaboraci\u00f3n comprando y regalando los m\u00e1s de 60 t\u00edtulos que tenemos a disposici\u00f3n tanto para ni\u00f1os como adultos, especialmente temas relacionados con v\u00ednculos, espiritualidad y fe cristiana.<\/p>\n<p>Te invitamos a recorrer nuestro cat\u00e1logo virtual y a participar de esta forma en la Re-evoluci\u00f3n Amorista ya sea con compras al detalle o como mayoristas como regalos de empresas o similares.<\/p>\n<p>[\/et_pb_text][et_pb_image src=\u00bbhttps:\/\/fundacionvinculo.cl\/sitio\/wp-content\/uploads\/2021\/05\/Foto-de-nuestros-materiales-1.jpg\u00bb title_text=\u00bbFoto-de-nuestros-materiales-1&#8243; _builder_version=\u00bb4.7.4&#8243; _module_preset=\u00bbdefault\u00bb transform_rotate=\u00bb0deg|0deg|-3deg\u00bb scroll_scaling_enable=\u00bbon\u00bb border_radii=\u00bbon|20px|20px|20px|20px\u00bb box_shadow_style=\u00bbpreset2&#8243;][\/et_pb_image][\/et_pb_column][\/et_pb_row][et_pb_row use_custom_gutter=\u00bbon\u00bb make_equal=\u00bbon\u00bb custom_padding_last_edited=\u00bbon|phone\u00bb _builder_version=\u00bb4.7.4&#8243; background_image=\u00bbhttps:\/\/fundacionvinculo.cl\/sitio\/wp-content\/uploads\/2021\/04\/calligraphy_54.png\u00bb background_position=\u00bbbottom_center\u00bb width=\u00bb100%\u00bb max_width=\u00bb100%\u00bb min_height=\u00bb27px\u00bb custom_margin=\u00bb|auto|0px|auto|false|false\u00bb custom_padding=\u00bb271px||0px||false|false\u00bb custom_padding_tablet=\u00bb\u00bb custom_padding_phone=\u00bb\u00bb global_module=\u00bb1558&#8243; saved_tabs=\u00bball\u00bb locked=\u00bboff\u00bb][et_pb_column type=\u00bb4_4&#8243; _builder_version=\u00bb3.25&#8243; custom_padding=\u00bb|||\u00bb custom_padding__hover=\u00bb|||\u00bb][\/et_pb_column][\/et_pb_row][\/et_pb_section][et_pb_section fb_built=\u00bb1&#8243; admin_label=\u00bbMistagogia\u00bb module_id=\u00bbmistagogia\u00bb module_class=\u00bbpopup\u00bb _builder_version=\u00bb4.7.4&#8243; background_image=\u00bbhttps:\/\/fundacionvinculo.cl\/sitio\/wp-content\/uploads\/2021\/05\/17975521C.jpg\u00bb parallax=\u00bbon\u00bb custom_margin=\u00bb||||false|false\u00bb custom_padding=\u00bb120px||120px||false|false\u00bb link_option_url=\u00bb#Mistagogia\u00bb locked=\u00bboff\u00bb da_is_popup=\u00bbon\u00bb da_popup_slug=\u00bbmistagogia\u00bb da_exit_intent=\u00bboff\u00bb da_has_close=\u00bbon\u00bb da_alt_close=\u00bboff\u00bb da_dark_close=\u00bboff\u00bb da_not_modal=\u00bbon\u00bb da_is_singular=\u00bboff\u00bb da_with_loader=\u00bboff\u00bb da_has_shadow=\u00bbon\u00bb da_disable_devices=\u00bboff|off|off\u00bb][et_pb_row module_id=\u00bbmistagogia\u00bb _builder_version=\u00bb4.7.4&#8243; transform_translate_linked=\u00bboff\u00bb custom_padding=\u00bb0px|40px|0px|40px|true|true\u00bb border_color_all=\u00bbrgba(0,0,0,0.18)\u00bb][et_pb_column type=\u00bb4_4&#8243; _builder_version=\u00bb3.25&#8243; custom_padding=\u00bb|||\u00bb custom_padding__hover=\u00bb|||\u00bb][\/et_pb_column][\/et_pb_row][\/et_pb_section][et_pb_section fb_built=\u00bb1&#8243; admin_label=\u00bbMistagogia\u00bb module_id=\u00bbveras\u00bb module_class=\u00bbpopup\u00bb _builder_version=\u00bb4.7.4&#8243; background_image=\u00bbhttps:\/\/fundacionvinculo.cl\/sitio\/wp-content\/uploads\/2021\/05\/FONDO-SL_100620_36400_05-A.jpg\u00bb background_position=\u00bbbottom_center\u00bb custom_margin=\u00bb0px||0px||false|false\u00bb custom_padding=\u00bb120px||250px||false|false\u00bb link_option_url=\u00bb#Mistagogia\u00bb locked=\u00bboff\u00bb da_is_popup=\u00bbon\u00bb da_popup_slug=\u00bbveras\u00bb da_exit_intent=\u00bboff\u00bb da_has_close=\u00bbon\u00bb da_alt_close=\u00bboff\u00bb da_dark_close=\u00bboff\u00bb da_not_modal=\u00bbon\u00bb da_is_singular=\u00bboff\u00bb da_with_loader=\u00bboff\u00bb da_has_shadow=\u00bbon\u00bb da_disable_devices=\u00bboff|off|off\u00bb][et_pb_row module_id=\u00bbmistagogia\u00bb _builder_version=\u00bb4.7.4&#8243; transform_translate_linked=\u00bboff\u00bb custom_padding=\u00bb0px|40px|0px|40px|true|true\u00bb border_color_all=\u00bbrgba(0,0,0,0.18)\u00bb][et_pb_column type=\u00bb4_4&#8243; _builder_version=\u00bb3.25&#8243; custom_padding=\u00bb|||\u00bb custom_padding__hover=\u00bb|||\u00bb][\/et_pb_column][\/et_pb_row][et_pb_row module_id=\u00bbmistagogia\u00bb _builder_version=\u00bb4.7.4&#8243; background_color=\u00bbrgba(0,0,0,0.39)\u00bb transform_translate_linked=\u00bboff\u00bb custom_padding=\u00bb40px|40px|40px|40px|true|true\u00bb border_radii=\u00bbon|10px|10px|10px|10px\u00bb border_color_all=\u00bbrgba(0,0,0,0.18)\u00bb][et_pb_column type=\u00bb4_4&#8243; _builder_version=\u00bb3.25&#8243; custom_padding=\u00bb|||\u00bb custom_padding__hover=\u00bb|||\u00bb][et_pb_text _builder_version=\u00bb4.7.4&#8243; text_font=\u00bbMuli||||||||\u00bb text_font_size=\u00bb22px\u00bb text_line_height=\u00bb2em\u00bb header_font=\u00bb||||||||\u00bb header_3_text_align=\u00bbcenter\u00bb header_3_text_color=\u00bb#ffffff\u00bb header_3_font_size=\u00bb41px\u00bb transform_scale_linked=\u00bboff\u00bb transform_translate=\u00bb1px|0px\u00bb transform_translate_linked=\u00bboff\u00bb width=\u00bb100%\u00bb module_alignment=\u00bbleft\u00bb custom_margin=\u00bb|112px||||\u00bb custom_padding=\u00bb|0px|0px|0px||\u00bb text_font_size_tablet=\u00bb\u00bb text_font_size_phone=\u00bb15px\u00bb text_font_size_last_edited=\u00bbon|desktop\u00bb text_line_height_tablet=\u00bb\u00bb text_line_height_phone=\u00bb1.7em\u00bb text_line_height_last_edited=\u00bbon|phone\u00bb locked=\u00bboff\u00bb]<\/p>\n<h3>Cursos que destacan<\/h3>\n<p>[\/et_pb_text][et_pb_text _builder_version=\u00bb4.7.4&#8243; text_font=\u00bbMuli||||||||\u00bb text_text_color=\u00bb#ffffff\u00bb text_font_size=\u00bb22px\u00bb text_line_height=\u00bb2em\u00bb ul_font=\u00bbDelius||||||||\u00bb ul_text_align=\u00bbleft\u00bb ul_line_height=\u00bb1.6em\u00bb header_font=\u00bb||||||||\u00bb transform_scale_linked=\u00bboff\u00bb transform_translate=\u00bb1px|0px\u00bb transform_translate_linked=\u00bboff\u00bb width=\u00bb100%\u00bb module_alignment=\u00bbleft\u00bb custom_margin=\u00bb||||false|false\u00bb custom_padding=\u00bb|10px||40px|false|false\u00bb text_font_size_tablet=\u00bb\u00bb text_font_size_phone=\u00bb15px\u00bb text_font_size_last_edited=\u00bbon|desktop\u00bb text_line_height_tablet=\u00bb\u00bb text_line_height_phone=\u00bb1.7em\u00bb text_line_height_last_edited=\u00bbon|phone\u00bb locked=\u00bboff\u00bb]<\/p>\n<ul>\n<li>Formaci\u00f3n de padres y apoderados en temas de v\u00ednculos de pareja y familia.<\/li>\n<li>Formaci\u00f3n de padres y apoderados en temas de fe y catequesis.<\/li>\n<li>Formaci\u00f3n de docentes y administrativos de comunidades educativas en temas relacionados con v\u00ednculos.<\/li>\n<li>Formaci\u00f3n de colaboradores de empresas, organizaciones y fundaciones que anhelen humanizar sus contextos a trav\u00e9s de una propuesta universal y concreta.<\/li>\n<li>Formaci\u00f3n de comunidades parroquiales, religiosas, sacerdotales y personas consagradas en temas de fe y v\u00ednculos.<\/li>\n<li>Talleres y conferencias para ni\u00f1os, adolescentes y j\u00f3venes, adaptando el tema de los v\u00ednculos para ellos.<\/li>\n<li>Formaci\u00f3n y contenci\u00f3n en temas contingentes como la pandemia, soledad, muerte, prevenci\u00f3n, cuidado, autocuidado etc.<\/li>\n<li>Formaci\u00f3n en temas de ecolog\u00eda integral.<\/li>\n<li>Formaci\u00f3n en Psicolog\u00eda social.<\/li>\n<\/ul>\n<p>[\/et_pb_text][\/et_pb_column][\/et_pb_row][\/et_pb_section][et_pb_section fb_built=\u00bb1&#8243; _builder_version=\u00bb4.7.4&#8243; _module_preset=\u00bbdefault\u00bb da_is_popup=\u00bboff\u00bb da_exit_intent=\u00bboff\u00bb da_has_close=\u00bbon\u00bb da_alt_close=\u00bboff\u00bb da_dark_close=\u00bboff\u00bb da_not_modal=\u00bbon\u00bb da_is_singular=\u00bboff\u00bb da_with_loader=\u00bboff\u00bb da_has_shadow=\u00bbon\u00bb da_disable_devices=\u00bboff|off|off\u00bb][\/et_pb_section]<\/p>\n","protected":false},"excerpt":{"rendered":"<p>Material EscritoUna de las formas que tenemos para auspiciar los costos de nuestro funcionamiento es la venta de los libros con que contamos como fundaci\u00f3n. Estos se venden pr\u00e1cticamente al costo de su producci\u00f3n y su objetivo es que lleguen a la mayor cantidad de personas posibles. Por eso te pedimos tu colaboraci\u00f3n comprando y [&hellip;]<\/p>\n","protected":false},"author":3,"featured_media":0,"parent":0,"menu_order":0,"comment_status":"closed","ping_status":"closed","template":"","meta":{"_et_pb_use_builder":"on","_et_pb_old_content":"<!-- wp:divi\/placeholder \/-->","_et_gb_content_width":"","_vp_format_video_url":"","_vp_image_focal_point":[],"_joinchat":[],"footnotes":""},"class_list":["post-191","page","type-page","status-publish","hentry"],"_links":{"self":[{"href":"https:\/\/fundacionvinculo.cl\/sitio\/wp-json\/wp\/v2\/pages\/191","targetHints":{"allow":["GET"]}}],"collection":[{"href":"https:\/\/fundacionvinculo.cl\/sitio\/wp-json\/wp\/v2\/pages"}],"about":[{"href":"https:\/\/fundacionvinculo.cl\/sitio\/wp-json\/wp\/v2\/types\/page"}],"author":[{"embeddable":true,"href":"https:\/\/fundacionvinculo.cl\/sitio\/wp-json\/wp\/v2\/users\/3"}],"replies":[{"embeddable":true,"href":"https:\/\/fundacionvinculo.cl\/sitio\/wp-json\/wp\/v2\/comments?post=191"}],"version-history":[{"count":0,"href":"https:\/\/fundacionvinculo.cl\/sitio\/wp-json\/wp\/v2\/pages\/191\/revisions"}],"wp:attachment":[{"href":"https:\/\/fundacionvinculo.cl\/sitio\/wp-json\/wp\/v2\/media?parent=191"}],"curies":[{"name":"wp","href":"https:\/\/api.w.org\/{rel}","templated":true}]}}