{"id":159,"date":"2021-04-29T16:01:12","date_gmt":"2021-04-29T16:01:12","guid":{"rendered":"https:\/\/fundacionvinculo.cl\/sitio\/?page_id=159"},"modified":"2021-06-10T11:37:29","modified_gmt":"2021-06-10T15:37:29","slug":"rigor-apertura-y-sencillez","status":"publish","type":"page","link":"https:\/\/fundacionvinculo.cl\/sitio\/rigor-apertura-y-sencillez\/","title":{"rendered":"Rigor, apertura y sencillez"},"content":{"rendered":"<p>[et_pb_section fb_built=\u00bb1&#8243; admin_label=\u00bbAbout Me\u00bb _builder_version=\u00bb4.7.4&#8243; background_color=\u00bbrgba(0,0,0,0.63)\u00bb background_image=\u00bbhttps:\/\/fundacionvinculo.cl\/sitio\/wp-content\/uploads\/2021\/05\/rigor-2-1.jpg\u00bb parallax=\u00bbon\u00bb parallax_method=\u00bboff\u00bb custom_margin=\u00bb0px||0px|0px|false|false\u00bb custom_padding=\u00bb0px||0px|0px|false|false\u00bb da_disable_devices=\u00bboff|off|off\u00bb da_is_popup=\u00bboff\u00bb da_exit_intent=\u00bboff\u00bb da_has_close=\u00bbon\u00bb da_alt_close=\u00bboff\u00bb da_dark_close=\u00bboff\u00bb da_not_modal=\u00bbon\u00bb da_is_singular=\u00bboff\u00bb da_with_loader=\u00bboff\u00bb da_has_shadow=\u00bbon\u00bb][et_pb_row use_custom_gutter=\u00bbon\u00bb make_equal=\u00bbon\u00bb custom_padding_last_edited=\u00bbon|phone\u00bb _builder_version=\u00bb4.7.4&#8243; background_image=\u00bbhttps:\/\/fundacionvinculo.cl\/sitio\/wp-content\/uploads\/2021\/04\/calligraphy_68.png\u00bb background_position=\u00bbbottom_center\u00bb width=\u00bb100%\u00bb max_width=\u00bb100%\u00bb min_height=\u00bb104px\u00bb custom_margin=\u00bb0px|auto|0px|auto|false|false\u00bb custom_padding=\u00bb0px||45px||false|false\u00bb custom_padding_tablet=\u00bb\u00bb custom_padding_phone=\u00bb\u00bb locked=\u00bboff\u00bb][et_pb_column type=\u00bb4_4&#8243; _builder_version=\u00bb3.25&#8243; custom_padding=\u00bb|||\u00bb custom_padding__hover=\u00bb|||\u00bb][et_pb_text _builder_version=\u00bb4.9.4&#8243; _module_preset=\u00bbdefault\u00bb header_text_align=\u00bbcenter\u00bb header_2_font=\u00bbDelius||||||||\u00bb header_2_text_align=\u00bbcenter\u00bb header_2_text_color=\u00bb#242424&#8243; header_2_font_size=\u00bb86px\u00bb header_3_font=\u00bbGloria Hallelujah|300|||||||\u00bb header_3_text_color=\u00bb#ffffff\u00bb header_3_font_size=\u00bb86px\u00bb header_3_line_height=\u00bb1.2em\u00bb custom_margin=\u00bb||1px|||\u00bb custom_padding=\u00bb94px||0px||false|false\u00bb hover_enabled=\u00bb0&#8243; header_2_text_shadow_style=\u00bbpreset2&#8243; header_2_text_shadow_blur_strength=\u00bb0.2em\u00bb header_2_text_shadow_color=\u00bbrgba(0,0,0,0.22)\u00bb header_3_text_shadow_style=\u00bbpreset1&#8243; header_3_text_shadow_color=\u00bbrgba(0,0,0,0.25)\u00bb header_font=\u00bbDelius||||||||\u00bb header_font_size_last_edited=\u00bbon|tablet\u00bb header_font_size=\u00bb75px\u00bb sticky_enabled=\u00bb0&#8243; header_font_size_tablet=\u00bb50px\u00bb header_font_size_phone=\u00bb36px\u00bb header_line_height_last_edited=\u00bbon|phone\u00bb header_line_height_phone=\u00bb1.3em\u00bb header_line_height_tablet=\u00bb1.3em\u00bb custom_padding_last_edited=\u00bbon|desktop\u00bb custom_margin_last_edited=\u00bbon|phone\u00bb custom_padding_phone=\u00bb15px||0px||false|false\u00bb custom_padding_tablet=\u00bb||0px||false|false\u00bb]<\/p>\n<h1 style=\"text-align: center;\"><b>Rigor, Apertura y Sencillez<\/b><\/h1>\n<p><b><\/b><\/p>\n<p><strong><\/strong><\/p>\n<p>[\/et_pb_text][\/et_pb_column][\/et_pb_row][et_pb_row _builder_version=\u00bb3.25&#8243; custom_padding=\u00bb0px||64px|||\u00bb locked=\u00bboff\u00bb][et_pb_column type=\u00bb4_4&#8243; _builder_version=\u00bb3.25&#8243; custom_padding=\u00bb|||\u00bb custom_padding__hover=\u00bb|||\u00bb][et_pb_image src=\u00bbhttps:\/\/fundacionvinculo.cl\/sitio\/wp-content\/uploads\/2021\/06\/foto-rigor.jpg\u00bb title_text=\u00bbfoto-rigor\u00bb show_in_lightbox=\u00bbon\u00bb align_tablet=\u00bbcenter\u00bb align_phone=\u00bb\u00bb align_last_edited=\u00bbon|desktop\u00bb _builder_version=\u00bb4.7.4&#8243; background_color=\u00bbrgba(0,0,0,0)\u00bb parallax=\u00bbon\u00bb transform_scale=\u00bb84%|84%\u00bb transform_translate_linked=\u00bboff\u00bb transform_rotate=\u00bb0deg|0deg|357deg\u00bb scroll_horizontal_motion=\u00bb16|34|34|70|4|0|-4&#8243; scroll_fade_enable=\u00bbon\u00bb scroll_fade=\u00bb0|47|48|100|0|100|100&#8243; border_radii=\u00bbon|20px|20px|20px|20px\u00bb box_shadow_style=\u00bbpreset2&#8243;][\/et_pb_image][et_pb_text _builder_version=\u00bb4.9.4&#8243; text_font=\u00bbMuli||||||||\u00bb text_text_color=\u00bb#000000&#8243; text_font_size=\u00bb22px\u00bb text_line_height=\u00bb2em\u00bb header_font=\u00bb||||||||\u00bb header_3_text_align=\u00bbcenter\u00bb header_3_text_color=\u00bb#ffffff\u00bb header_3_font_size=\u00bb42px\u00bb header_3_line_height=\u00bb1.4em\u00bb transform_scale_linked=\u00bboff\u00bb transform_translate_linked=\u00bboff\u00bb text_orientation=\u00bbjustified\u00bb width=\u00bb100%\u00bb width_tablet=\u00bb100%\u00bb width_phone=\u00bb\u00bb width_last_edited=\u00bbon|desktop\u00bb module_alignment=\u00bbleft\u00bb custom_margin=\u00bb|-41px||||\u00bb custom_padding=\u00bb|0px||0px||\u00bb animation_style=\u00bbfade\u00bb hover_enabled=\u00bb0&#8243; text_font_size_tablet=\u00bb\u00bb text_font_size_phone=\u00bb18px\u00bb text_font_size_last_edited=\u00bbon|desktop\u00bb text_line_height_tablet=\u00bb\u00bb text_line_height_phone=\u00bb1.7em\u00bb text_line_height_last_edited=\u00bbon|phone\u00bb header_3_text_shadow_style=\u00bbpreset3&#8243; header_3_text_shadow_color=\u00bbrgba(0,0,0,0.6)\u00bb header_3_font_size_last_edited=\u00bbon|desktop\u00bb header_3_font_size_phone=\u00bb24px\u00bb sticky_enabled=\u00bb0&#8243;]<\/p>\n<h3>Cada vez que abordamos una actividad o un contenido para compartir con quienes nos siguen y\/o se inspiran con nosotros, siempre hay tres criterios fundamentales que tomamos muy en cuenta:<\/h3>\n<p>[\/et_pb_text][\/et_pb_column][\/et_pb_row][et_pb_row _builder_version=\u00bb4.9.4&#8243; _module_preset=\u00bbdefault\u00bb background_color=\u00bb#ffffff\u00bb transform_translate=\u00bb-110px|0px\u00bb transform_translate_linked=\u00bboff\u00bb transform_rotate=\u00bb0deg|0deg|358deg\u00bb custom_padding=\u00bb30px|30px|30px|30px|false|false\u00bb hover_enabled=\u00bb0&#8243; border_radii=\u00bbon|20px|20px|20px|20px\u00bb transform_styles_last_edited=\u00bbon|tablet\u00bb transform_scale_last_edited=\u00bbon|phone\u00bb transform_translate_last_edited=\u00bbon|phone\u00bb transform_rotate_last_edited=\u00bbon|tablet\u00bb transform_skew_last_edited=\u00bbon|phone\u00bb transform_origin_last_edited=\u00bbon|phone\u00bb transform_translate_phone=\u00bb0px|0px\u00bb transform_rotate_phone=\u00bb0deg|0deg|0deg\u00bb sticky_enabled=\u00bb0&#8243; transform_translate_tablet=\u00bb0px|0px\u00bb transform_rotate_tablet=\u00bb0deg|0deg|0deg\u00bb custom_margin_last_edited=\u00bbon|tablet\u00bb custom_margin_phone=\u00bb15px||15px||true|false\u00bb custom_margin_tablet=\u00bb30px||30px||true|false\u00bb box_shadow_style=\u00bbpreset2&#8243;][et_pb_column type=\u00bb4_4&#8243; _builder_version=\u00bb4.7.4&#8243; _module_preset=\u00bbdefault\u00bb][et_pb_text _builder_version=\u00bb4.7.4&#8243; _module_preset=\u00bbdefault\u00bb header_text_color=\u00bb#0c71c3&#8243; header_2_text_align=\u00bbcenter\u00bb header_2_text_color=\u00bb#5b8500&#8243; header_2_font_size=\u00bb58px\u00bb]<\/p>\n<h2><span>Rigor<\/span><\/h2>\n<p>[\/et_pb_text][et_pb_text _builder_version=\u00bb4.7.4&#8243; _module_preset=\u00bbdefault\u00bb text_font=\u00bbMuli||||||||\u00bb text_text_color=\u00bb#000000&#8243; text_font_size=\u00bb22px\u00bb text_line_height=\u00bb2em\u00bb header_font=\u00bb||||||||\u00bb transform_scale_linked=\u00bboff\u00bb transform_translate_linked=\u00bboff\u00bb text_orientation=\u00bbjustified\u00bb width=\u00bb100%\u00bb width_tablet=\u00bb100%\u00bb width_phone=\u00bb\u00bb width_last_edited=\u00bbon|desktop\u00bb module_alignment=\u00bbleft\u00bb custom_margin=\u00bb|-41px||||\u00bb custom_padding=\u00bb|0px||0px||\u00bb animation_style=\u00bbfade\u00bb text_font_size_tablet=\u00bb\u00bb text_font_size_phone=\u00bb18px\u00bb text_font_size_last_edited=\u00bbon|desktop\u00bb text_line_height_tablet=\u00bb\u00bb text_line_height_phone=\u00bb1.7em\u00bb text_line_height_last_edited=\u00bbon|phone\u00bb]<\/p>\n<p>En cuanto a la seriedad de nuestras fuentes y un exhaustivo estudio de los temas que vamos a tratar y un esp\u00edritu cr\u00edtico de las diferentes posturas para exponer nuestro mirar. Si bien siempre va a ser nuestro punto de vista, nos queremos alejar de la opinolog\u00eda, el saber infantil y las falsas verdades que abundan en la actualidad. Para esto dedicamos muchas horas de trabajo al estudio profundo y transdisciplinario de cada tema que vamos a abordar.<\/p>\n<p>[\/et_pb_text][\/et_pb_column][\/et_pb_row][et_pb_row _builder_version=\u00bb4.9.4&#8243; _module_preset=\u00bbdefault\u00bb background_color=\u00bb#ffffff\u00bb transform_translate=\u00bb110px|0px\u00bb transform_translate_linked=\u00bboff\u00bb transform_rotate=\u00bb0deg|0deg|2deg\u00bb custom_padding=\u00bb30px|30px|30px|30px|false|false\u00bb hover_enabled=\u00bb0&#8243; border_radii=\u00bbon|20px|20px|20px|20px\u00bb transform_styles_last_edited=\u00bbon|tablet\u00bb transform_scale_last_edited=\u00bbon|tablet\u00bb transform_translate_last_edited=\u00bbon|phone\u00bb transform_rotate_last_edited=\u00bbon|phone\u00bb transform_skew_last_edited=\u00bbon|phone\u00bb transform_origin_last_edited=\u00bbon|phone\u00bb transform_translate_phone=\u00bb0px|0px\u00bb transform_rotate_phone=\u00bb0deg|0deg|0deg\u00bb custom_margin_last_edited=\u00bbon|phone\u00bb custom_margin_phone=\u00bb15px||15px||true|false\u00bb sticky_enabled=\u00bb0&#8243; transform_translate_tablet=\u00bb0px|0px\u00bb transform_rotate_tablet=\u00bb0deg|0deg|0deg\u00bb box_shadow_style=\u00bbpreset1&#8243;][et_pb_column type=\u00bb4_4&#8243; _builder_version=\u00bb4.7.4&#8243; _module_preset=\u00bbdefault\u00bb][et_pb_text _builder_version=\u00bb4.7.4&#8243; _module_preset=\u00bbdefault\u00bb header_2_text_align=\u00bbcenter\u00bb header_2_text_color=\u00bb#e09900&#8243; header_2_font_size=\u00bb58px\u00bb]<\/p>\n<h2><span>Apertura<\/span><\/h2>\n<p>[\/et_pb_text][et_pb_text _builder_version=\u00bb4.7.4&#8243; _module_preset=\u00bbdefault\u00bb text_font=\u00bbMuli||||||||\u00bb text_text_color=\u00bb#000000&#8243; text_font_size=\u00bb22px\u00bb text_line_height=\u00bb2em\u00bb header_font=\u00bb||||||||\u00bb transform_scale_linked=\u00bboff\u00bb transform_translate_linked=\u00bboff\u00bb text_orientation=\u00bbjustified\u00bb width=\u00bb100%\u00bb width_tablet=\u00bb100%\u00bb width_phone=\u00bb\u00bb width_last_edited=\u00bbon|desktop\u00bb module_alignment=\u00bbleft\u00bb custom_margin=\u00bb|-41px||||\u00bb custom_padding=\u00bb|0px||0px||\u00bb animation_style=\u00bbfade\u00bb text_font_size_tablet=\u00bb\u00bb text_font_size_phone=\u00bb18px\u00bb text_font_size_last_edited=\u00bbon|desktop\u00bb text_line_height_tablet=\u00bb\u00bb text_line_height_phone=\u00bb1.7em\u00bb text_line_height_last_edited=\u00bbon|phone\u00bb]<\/p>\n<p>No obstante, la rigurosidad de nuestras posturas, siempre estamos abiertos a aprender y conocer lo que otros nos puedan aportar, enriqueciendo las miradas y jam\u00e1s crey\u00e9ndonos due\u00f1os de la verdad. La apertura es el esp\u00edritu de la madurez intelectual que s\u00f3lo sabe que nada sabe y que siempre debe estar abierto a aprender de otras culturas y personas. <\/p>\n<p>[\/et_pb_text][\/et_pb_column][\/et_pb_row][et_pb_row _builder_version=\u00bb4.9.4&#8243; _module_preset=\u00bbdefault\u00bb transform_translate=\u00bb-110px|0px\u00bb transform_translate_linked=\u00bboff\u00bb transform_rotate=\u00bb0deg|0deg|358deg\u00bb custom_padding=\u00bb30px|30px|30px|30px|false|false\u00bb border_radii=\u00bbon|20px|20px|20px|20px\u00bb background_color=\u00bb#ffffff\u00bb transform_translate_tablet=\u00bb0px|0px\u00bb transform_translate_phone=\u00bb0px|0px\u00bb transform_translate_last_edited=\u00bbon|desktop\u00bb transform_rotate_tablet=\u00bb0deg|0deg|0deg\u00bb transform_rotate_phone=\u00bb0deg|0deg|0deg\u00bb transform_rotate_last_edited=\u00bbon|desktop\u00bb transform_styles_last_edited=\u00bbon|tablet\u00bb transform_scale_last_edited=\u00bbon|tablet\u00bb transform_skew_last_edited=\u00bbon|desktop\u00bb transform_origin_last_edited=\u00bbon|desktop\u00bb box_shadow_style=\u00bbpreset1&#8243; hover_enabled=\u00bb0&#8243; sticky_enabled=\u00bb0&#8243; custom_margin=\u00bb||||true|false\u00bb custom_margin_last_edited=\u00bbon|desktop\u00bb custom_margin_phone=\u00bb20px||20px||true|false\u00bb][et_pb_column type=\u00bb4_4&#8243; _builder_version=\u00bb4.7.4&#8243; _module_preset=\u00bbdefault\u00bb][et_pb_text _builder_version=\u00bb4.7.4&#8243; _module_preset=\u00bbdefault\u00bb header_text_color=\u00bb#8300e9&#8243; header_2_text_align=\u00bbcenter\u00bb header_2_text_color=\u00bb#8300e9&#8243; header_2_font_size=\u00bb58px\u00bb]<\/p>\n<h2><span>Sencillez<\/span><\/h2>\n<p>[\/et_pb_text][et_pb_text _builder_version=\u00bb4.7.4&#8243; _module_preset=\u00bbdefault\u00bb text_font=\u00bbMuli||||||||\u00bb text_text_color=\u00bb#000000&#8243; text_font_size=\u00bb22px\u00bb text_line_height=\u00bb2em\u00bb header_font=\u00bb||||||||\u00bb transform_scale_linked=\u00bboff\u00bb transform_translate_linked=\u00bboff\u00bb text_orientation=\u00bbjustified\u00bb width=\u00bb100%\u00bb width_tablet=\u00bb100%\u00bb width_phone=\u00bb\u00bb width_last_edited=\u00bbon|desktop\u00bb module_alignment=\u00bbleft\u00bb custom_margin=\u00bb|-41px||||\u00bb custom_padding=\u00bb|0px||0px||\u00bb animation_style=\u00bbfade\u00bb text_font_size_tablet=\u00bb\u00bb text_font_size_phone=\u00bb18px\u00bb text_font_size_last_edited=\u00bbon|desktop\u00bb text_line_height_tablet=\u00bb\u00bb text_line_height_phone=\u00bb1.7em\u00bb text_line_height_last_edited=\u00bbon|phone\u00bb]<\/p>\n<p>Si bien nos caracterizamos por ser rigurosos y abiertos en nuestro compartir, siempre haremos el m\u00e1ximo esfuerzo por presentar las actividades y los contenidos de manera sencilla, amable, universal, de modo que todos se sientan interpelados por nuestra Re-evoluci\u00f3n Amorista. Por lo mismo, siempre se presenta como una posibilidad o camino a seguir, pero no nos adue\u00f1amos de la sabidur\u00eda ni nos creemos gur\u00faes. S\u00f3lo presentamos nuestro andar por si le sirve a alguien m\u00e1s. <\/p>\n<p>[\/et_pb_text][\/et_pb_column][\/et_pb_row][et_pb_row _builder_version=\u00bb4.7.4&#8243; _module_preset=\u00bbdefault\u00bb][et_pb_column type=\u00bb4_4&#8243; _builder_version=\u00bb4.7.4&#8243; _module_preset=\u00bbdefault\u00bb][et_pb_image src=\u00bbhttps:\/\/fundacionvinculo.cl\/sitio\/wp-content\/uploads\/2021\/05\/Rigor-1.jpg\u00bb title_text=\u00bbRigor-1&#8243; show_in_lightbox=\u00bbon\u00bb align=\u00bbcenter\u00bb _builder_version=\u00bb4.7.4&#8243; _module_preset=\u00bbdefault\u00bb transform_translate_linked=\u00bboff\u00bb transform_rotate=\u00bb0deg|0deg|4deg\u00bb custom_margin=\u00bb||86px|||\u00bb scroll_scaling_enable=\u00bbon\u00bb scroll_scaling=\u00bb0|35|65|100|70|100|100&#8243; border_radii=\u00bbon|25px|25px|25px|25px\u00bb box_shadow_style=\u00bbpreset2&#8243;][\/et_pb_image][\/et_pb_column][\/et_pb_row][et_pb_row use_custom_gutter=\u00bbon\u00bb make_equal=\u00bbon\u00bb custom_padding_last_edited=\u00bbon|phone\u00bb _builder_version=\u00bb4.7.4&#8243; background_image=\u00bbhttps:\/\/fundacionvinculo.cl\/sitio\/wp-content\/uploads\/2021\/04\/calligraphy_54.png\u00bb background_position=\u00bbbottom_center\u00bb width=\u00bb100%\u00bb max_width=\u00bb100%\u00bb min_height=\u00bb27px\u00bb custom_margin=\u00bb|auto|0px|auto|false|false\u00bb custom_padding=\u00bb271px||0px||false|false\u00bb custom_padding_tablet=\u00bb\u00bb custom_padding_phone=\u00bb\u00bb global_module=\u00bb1558&#8243; saved_tabs=\u00bball\u00bb locked=\u00bboff\u00bb][et_pb_column type=\u00bb4_4&#8243; _builder_version=\u00bb3.25&#8243; custom_padding=\u00bb|||\u00bb custom_padding__hover=\u00bb|||\u00bb][\/et_pb_column][\/et_pb_row][\/et_pb_section]<\/p>\n","protected":false},"excerpt":{"rendered":"<p>Rigor, Apertura y Sencillez Cada vez que abordamos una actividad o un contenido para compartir con quienes nos siguen y\/o se inspiran con nosotros, siempre hay tres criterios fundamentales que tomamos muy en cuenta:RigorEn cuanto a la seriedad de nuestras fuentes y un exhaustivo estudio de los temas que vamos a tratar y un esp\u00edritu [&hellip;]<\/p>\n","protected":false},"author":3,"featured_media":0,"parent":0,"menu_order":0,"comment_status":"closed","ping_status":"closed","template":"","meta":{"_et_pb_use_builder":"on","_et_pb_old_content":"<!-- wp:divi\/placeholder \/-->","_et_gb_content_width":"","_vp_format_video_url":"","_vp_image_focal_point":[],"_joinchat":[],"footnotes":""},"class_list":["post-159","page","type-page","status-publish","hentry"],"_links":{"self":[{"href":"https:\/\/fundacionvinculo.cl\/sitio\/wp-json\/wp\/v2\/pages\/159","targetHints":{"allow":["GET"]}}],"collection":[{"href":"https:\/\/fundacionvinculo.cl\/sitio\/wp-json\/wp\/v2\/pages"}],"about":[{"href":"https:\/\/fundacionvinculo.cl\/sitio\/wp-json\/wp\/v2\/types\/page"}],"author":[{"embeddable":true,"href":"https:\/\/fundacionvinculo.cl\/sitio\/wp-json\/wp\/v2\/users\/3"}],"replies":[{"embeddable":true,"href":"https:\/\/fundacionvinculo.cl\/sitio\/wp-json\/wp\/v2\/comments?post=159"}],"version-history":[{"count":0,"href":"https:\/\/fundacionvinculo.cl\/sitio\/wp-json\/wp\/v2\/pages\/159\/revisions"}],"wp:attachment":[{"href":"https:\/\/fundacionvinculo.cl\/sitio\/wp-json\/wp\/v2\/media?parent=159"}],"curies":[{"name":"wp","href":"https:\/\/api.w.org\/{rel}","templated":true}]}}