{"id":10196,"date":"2026-05-15T12:04:29","date_gmt":"2026-05-15T16:04:29","guid":{"rendered":"https:\/\/fundacionvinculo.cl\/sitio\/?page_id=10196"},"modified":"2026-05-15T14:29:34","modified_gmt":"2026-05-15T18:29:34","slug":"encuentro-con-la-soga","status":"publish","type":"page","link":"https:\/\/fundacionvinculo.cl\/sitio\/encuentro-con-la-soga\/","title":{"rendered":"Encuentro con la Soga"},"content":{"rendered":"<p>[et_pb_section fb_built=\u00bb1&#8243; _builder_version=\u00bb4.27.4&#8243; _module_preset=\u00bbdefault\u00bb background_color=\u00bb#f7f1eb\u00bb custom_padding=\u00bb80px|40px|80px|40px|false|false\u00bb da_disable_devices=\u00bboff|off|off\u00bb global_colors_info=\u00bb{}\u00bb da_is_popup=\u00bboff\u00bb da_exit_intent=\u00bboff\u00bb da_has_close=\u00bbon\u00bb da_alt_close=\u00bboff\u00bb da_dark_close=\u00bboff\u00bb da_not_modal=\u00bbon\u00bb da_is_singular=\u00bboff\u00bb da_with_loader=\u00bboff\u00bb da_has_shadow=\u00bbon\u00bb][et_pb_row column_structure=\u00bb1_2,1_2&#8243; _builder_version=\u00bb4.27.4&#8243; _module_preset=\u00bbdefault\u00bb background_color=\u00bbRGBA(255,255,255,0)\u00bb global_colors_info=\u00bb{}\u00bb][et_pb_column type=\u00bb1_2&#8243; _builder_version=\u00bb4.27.4&#8243; _module_preset=\u00bbdefault\u00bb global_colors_info=\u00bb{}\u00bb][et_pb_text _builder_version=\u00bb4.27.4&#8243; _module_preset=\u00bbdefault\u00bb custom_padding=\u00bb|||20px|false|false\u00bb hover_enabled=\u00bb0&#8243; global_colors_info=\u00bb{}\u00bb sticky_enabled=\u00bb0&#8243;]<\/p>\n<style>\n  \/* Ajustes para celulares *\/\n  @media only screen and (max-width: 600px) {\n    .titulo-encuentro {\n      font-size: 38px !important; \/* Un poco m\u00e1s peque\u00f1o para que quepa la O *\/\n      white-space: nowrap !important; \/* Obliga a la palabra a no cortarse *\/\n      letter-spacing: -1px !important; \/* Junta un poco las letras si es necesario *\/\n    }\n    .subtitulo-soga {\n      font-size: 35px !important;\n    }\n  }\n<\/style>\n<p style=\"letter-spacing: 3px; color: #9c7b6b; font-size: 16px; margin-bottom: 10px;\">TALLER PARA MUJERES<\/p>\n<h1 class=\"titulo-encuentro\" style=\"font-size: 72px; line-height: 1.1; color: #7b2f45; margin-bottom: 0;\">ENCUENTRO<\/h1>\n<h2 class=\"subtitulo-soga\" style=\"font-size: 58px; color: #b35c7a; font-style: italic; margin-top: -10px;\">con la Soga<\/h2>\n<p style=\"letter-spacing: 2px; color: #a78672; font-weight: bold; margin-top: 35px;\">LIBERANDO ATADURAS INVISIBLES<\/p>\n<p style=\"font-size: 20px; line-height: 1.8; color: #5f5148; margin-top: 25px;\">Un espacio \u00edntimo y transformador para mujeres que desean soltar aquello que las limita y volver a s\u00ed mismas con m\u00e1s libertad, verdad y plenitud.<\/p>\n<p>[\/et_pb_text][et_pb_button button_url=\u00bbhttps:\/\/forms.gle\/huqyUBgehPKZKkRE8&#8243; button_text=\u00bbQUIERO INSCRIBIRME\u00bb _builder_version=\u00bb4.27.4&#8243; _module_preset=\u00bbdefault\u00bb custom_button=\u00bbon\u00bb button_text_color=\u00bb#FFFFFF\u00bb button_bg_color=\u00bb#a64d6d\u00bb button_border_width=\u00bb0px\u00bb custom_margin=\u00bb|||20px|false|false\u00bb custom_padding=\u00bb14px|28px|14px|28px|false|false\u00bb global_colors_info=\u00bb{}\u00bb][\/et_pb_button][\/et_pb_column][et_pb_column type=\u00bb1_2&#8243; _builder_version=\u00bb4.27.4&#8243; _module_preset=\u00bbdefault\u00bb global_colors_info=\u00bb{}\u00bb][et_pb_image src=\u00bbhttps:\/\/fundacionvinculo.cl\/sitio\/wp-content\/uploads\/2026\/05\/encuentro-con-la-soga_edited.jpg\u00bb title_text=\u00bbencuentro con la soga_edited\u00bb _builder_version=\u00bb4.27.4&#8243; _module_preset=\u00bbdefault\u00bb hover_enabled=\u00bb0&#8243; global_colors_info=\u00bb{}\u00bb border_radii=\u00bbon|30px|30px|30px|30px\u00bb box_shadow_style=\u00bbpreset1&#8243; sticky_enabled=\u00bb0&#8243;][\/et_pb_image][\/et_pb_column][\/et_pb_row][\/et_pb_section][et_pb_section fb_built=\u00bb1&#8243; _builder_version=\u00bb4.27.4&#8243; _module_preset=\u00bbdefault\u00bb da_disable_devices=\u00bboff|off|off\u00bb global_colors_info=\u00bb{}\u00bb da_is_popup=\u00bboff\u00bb da_exit_intent=\u00bboff\u00bb da_has_close=\u00bbon\u00bb da_alt_close=\u00bboff\u00bb da_dark_close=\u00bboff\u00bb da_not_modal=\u00bbon\u00bb da_is_singular=\u00bboff\u00bb da_with_loader=\u00bboff\u00bb da_has_shadow=\u00bbon\u00bb][et_pb_row column_structure=\u00bb2_5,3_5&#8243; _builder_version=\u00bb4.27.4&#8243; _module_preset=\u00bbdefault\u00bb custom_padding=\u00bb40px||0px||false|false\u00bb global_colors_info=\u00bb{}\u00bb][et_pb_column type=\u00bb2_5&#8243; _builder_version=\u00bb4.27.4&#8243; _module_preset=\u00bbdefault\u00bb global_colors_info=\u00bb{}\u00bb][et_pb_image src=\u00bbhttps:\/\/fundacionvinculo.cl\/sitio\/wp-content\/uploads\/2026\/05\/imagen_mujer_pensativa_liviana.jpg\u00bb title_text=\u00bbimagen_mujer_pensativa_liviana\u00bb _builder_version=\u00bb4.27.4&#8243; _module_preset=\u00bbdefault\u00bb custom_margin=\u00bb20px||||false|false\u00bb border_radii=\u00bbon|5px|5px|5px|5px\u00bb box_shadow_style=\u00bbpreset1&#8243; global_colors_info=\u00bb{}\u00bb][\/et_pb_image][\/et_pb_column][et_pb_column type=\u00bb3_5&#8243; _builder_version=\u00bb4.27.4&#8243; _module_preset=\u00bbdefault\u00bb global_colors_info=\u00bb{}\u00bb][et_pb_text _builder_version=\u00bb4.27.4&#8243; _module_preset=\u00bbdefault\u00bb text_font=\u00bbCormorant Garamond||||||||\u00bb custom_padding=\u00bb||0px||false|false\u00bb global_colors_info=\u00bb{}\u00bb]<\/p>\n<p style=\"font-family: 'Montserrat', sans-serif; letter-spacing: 3px; color: #d4a3a3; font-size: 13px; text-transform: uppercase; text-align: left; margin-bottom: 10px;\">\u2014 Taller de Mujeres \u2014<\/p>\n<p>[\/et_pb_text][et_pb_text _builder_version=\u00bb4.27.4&#8243; _module_preset=\u00bbdefault\u00bb text_font=\u00bbCormorant Garamond||||||||\u00bb global_colors_info=\u00bb{}\u00bb]<\/p>\n<h1 style=\"font-family: 'Cormorant Garamond', serif; font-weight: 300; color: #333333; line-height: 1.2em; font-size: 45px;\">TODAS LLEVAMOS<br \/><span style=\"color: #d4a3a3; font-style: italic;\">una <\/span><span style=\"letter-spacing: 2px; font-weight: bold;\">SOGA INVISIBLE<\/span><\/h1>\n<p>[\/et_pb_text][et_pb_text _builder_version=\u00bb4.27.4&#8243; _module_preset=\u00bbdefault\u00bb text_font=\u00bbMontserrat||||||||\u00bb custom_padding=\u00bb0px||||false|false\u00bb global_colors_info=\u00bb{}\u00bb]<\/p>\n<p style=\"font-family: 'Montserrat', sans-serif; color: #666666; font-size: 18px; line-height: 1.8em; max-width: 500px; margin-top: 20px;\">Inspirado en la novela <strong>\u00abEl Encuentro con la Soga\u00bb<\/strong> de Trini Ried, este taller es una invitaci\u00f3n a reconocer los hilos que nos frenan y descubrir el prop\u00f3sito detr\u00e1s de nuestra historia.<\/p>\n<p>[\/et_pb_text][\/et_pb_column][\/et_pb_row][et_pb_row column_structure=\u00bb1_5,1_5,1_5,1_5,1_5&#8243; _builder_version=\u00bb4.27.4&#8243; _module_preset=\u00bbdefault\u00bb width=\u00bb95%\u00bb max_width=\u00bb1200px\u00bb custom_margin=\u00bb-20px||||false|false\u00bb custom_padding=\u00bb||30px||false|false\u00bb global_colors_info=\u00bb{}\u00bb][et_pb_column type=\u00bb1_5&#8243; _builder_version=\u00bb4.27.4&#8243; _module_preset=\u00bbdefault\u00bb global_colors_info=\u00bb{}\u00bb][et_pb_blurb title=\u00bbMIEDO\u00bb image=\u00bbhttps:\/\/fundacionvinculo.cl\/sitio\/wp-content\/uploads\/2026\/05\/icono-miedo.png\u00bb _builder_version=\u00bb4.27.4&#8243; _module_preset=\u00bbdefault\u00bb header_font=\u00bbMontserrat|700||on|||||\u00bb header_text_align=\u00bbcenter\u00bb header_text_color=\u00bb#d4a3a3&#8243; header_font_size=\u00bb15px\u00bb header_letter_spacing=\u00bb2px\u00bb body_font=\u00bbOpen Sans||||||||\u00bb body_text_align=\u00bbcenter\u00bb body_text_color=\u00bb#666666&#8243; body_font_size=\u00bb15px\u00bb image_icon_custom_margin=\u00bb||-40px||false|false\u00bb custom_margin=\u00bb||10px||false|false\u00bb global_colors_info=\u00bb{}\u00bb]<\/p>\n<p>Nos paraliza<br \/>y limita<\/p>\n<p>[\/et_pb_blurb][\/et_pb_column][et_pb_column type=\u00bb1_5&#8243; _builder_version=\u00bb4.27.4&#8243; _module_preset=\u00bbdefault\u00bb global_colors_info=\u00bb{}\u00bb][et_pb_blurb title=\u00bbCULPA\u00bb image=\u00bbhttps:\/\/fundacionvinculo.cl\/sitio\/wp-content\/uploads\/2026\/05\/icono-culpa.png\u00bb _builder_version=\u00bb4.27.4&#8243; _module_preset=\u00bbdefault\u00bb header_font=\u00bbMontserrat|700||on|||||\u00bb header_text_align=\u00bbcenter\u00bb header_text_color=\u00bb#d4a3a3&#8243; header_font_size=\u00bb15px\u00bb header_letter_spacing=\u00bb2px\u00bb body_font=\u00bbOpen Sans||||||||\u00bb body_text_align=\u00bbcenter\u00bb body_text_color=\u00bb#666666&#8243; body_font_size=\u00bb15px\u00bb image_icon_custom_margin=\u00bb||-40px||false|false\u00bb custom_margin=\u00bb||10px||false|false\u00bb global_colors_info=\u00bb{}\u00bb]<\/p>\n<p>Nos pesa y nos aleja de nuestra esencia<\/p>\n<p>[\/et_pb_blurb][\/et_pb_column][et_pb_column type=\u00bb1_5&#8243; _builder_version=\u00bb4.27.4&#8243; _module_preset=\u00bbdefault\u00bb global_colors_info=\u00bb{}\u00bb][et_pb_blurb title=\u00bbSILENCIO\u00bb image=\u00bbhttps:\/\/fundacionvinculo.cl\/sitio\/wp-content\/uploads\/2026\/05\/icono-silencio.png\u00bb _builder_version=\u00bb4.27.4&#8243; _module_preset=\u00bbdefault\u00bb header_font=\u00bbMontserrat|700||on|||||\u00bb header_text_align=\u00bbcenter\u00bb header_text_color=\u00bb#d4a3a3&#8243; header_font_size=\u00bb15px\u00bb header_letter_spacing=\u00bb2px\u00bb body_font=\u00bbOpen Sans||||||||\u00bb body_text_align=\u00bbcenter\u00bb body_text_color=\u00bb#666666&#8243; body_font_size=\u00bb15px\u00bb image_icon_custom_margin=\u00bb||-40px||false|false\u00bb custom_margin=\u00bb||10px||false|false\u00bb global_colors_info=\u00bb{}\u00bb]<\/p>\n<p>Nos calla y nos hace invisibles<\/p>\n<p>[\/et_pb_blurb][\/et_pb_column][et_pb_column type=\u00bb1_5&#8243; _builder_version=\u00bb4.27.4&#8243; _module_preset=\u00bbdefault\u00bb global_colors_info=\u00bb{}\u00bb][et_pb_blurb title=\u00bbAUTOEXIGENCIA\u00bb image=\u00bbhttps:\/\/fundacionvinculo.cl\/sitio\/wp-content\/uploads\/2026\/05\/icono-autoexigencia.png\u00bb _builder_version=\u00bb4.27.4&#8243; _module_preset=\u00bbdefault\u00bb header_font=\u00bbMontserrat|700||on|||||\u00bb header_text_align=\u00bbcenter\u00bb header_text_color=\u00bb#d4a3a3&#8243; header_font_size=\u00bb14px\u00bb header_letter_spacing=\u00bb2px\u00bb body_font=\u00bbOpen Sans||||||||\u00bb body_text_align=\u00bbcenter\u00bb body_text_color=\u00bb#666666&#8243; body_font_size=\u00bb15px\u00bb image_icon_custom_margin=\u00bb||-40px||false|false\u00bb custom_margin=\u00bb||10px||false|false\u00bb global_colors_info=\u00bb{}\u00bb]<\/p>\n<p>Nos agota y nos aleja de lo importante<\/p>\n<p>[\/et_pb_blurb][\/et_pb_column][et_pb_column type=\u00bb1_5&#8243; _builder_version=\u00bb4.27.4&#8243; _module_preset=\u00bbdefault\u00bb global_colors_info=\u00bb{}\u00bb][et_pb_blurb title=\u00bbDEBER SER\u00bb image=\u00bbhttps:\/\/fundacionvinculo.cl\/sitio\/wp-content\/uploads\/2026\/05\/icono-deber-ser-1.png\u00bb _builder_version=\u00bb4.27.4&#8243; _module_preset=\u00bbdefault\u00bb header_font=\u00bbMontserrat|700||on|||||\u00bb header_text_align=\u00bbcenter\u00bb header_text_color=\u00bb#d4a3a3&#8243; header_font_size=\u00bb15px\u00bb header_letter_spacing=\u00bb2px\u00bb body_font=\u00bbOpen Sans||||||||\u00bb body_text_align=\u00bbcenter\u00bb body_text_color=\u00bb#666666&#8243; body_font_size=\u00bb15px\u00bb image_icon_custom_margin=\u00bb||-40px||false|false\u00bb custom_margin=\u00bb||10px||false|false\u00bb global_colors_info=\u00bb{}\u00bb]<\/p>\n<p>Vivimos intentando<br \/>encajar<\/p>\n<p>[\/et_pb_blurb][\/et_pb_column][\/et_pb_row][et_pb_row _builder_version=\u00bb4.27.4&#8243; _module_preset=\u00bbdefault\u00bb max_width=\u00bb900px\u00bb custom_padding=\u00bb0px||||false|false\u00bb global_colors_info=\u00bb{}\u00bb][et_pb_column type=\u00bb4_4&#8243; _builder_version=\u00bb4.27.4&#8243; _module_preset=\u00bbdefault\u00bb global_colors_info=\u00bb{}\u00bb][et_pb_text _builder_version=\u00bb4.27.4&#8243; _module_preset=\u00bbdefault\u00bb text_font=\u00bbMontserrat||on||||||\u00bb text_text_color=\u00bb#666666&#8243; text_font_size=\u00bb18px\u00bb background_color=\u00bb#fdf6f6&#8243; custom_padding=\u00bb25px||20px||false|false\u00bb border_radii=\u00bbon|5px|5px|5px|5px\u00bb box_shadow_style=\u00bbpreset1&#8243; global_colors_info=\u00bb{}\u00bb]<\/p>\n<div style=\"text-align: center; max-width: 800px; margin: 0 auto; padding: 40px 0;\">\n<p style=\"font-family: 'Montserrat', sans-serif; color: #666666; font-size: 18px; line-height: 1.8em; font-style: italic;\">\u00abA trav\u00e9s de la conversaci\u00f3n, la reflexi\u00f3n y ejercicios profundos, te invitamos a reconocer esas ataduras que te pesan y comenzar a liberarte de ellas.\u00bb<\/p>\n<hr style=\"width: 50px; border: 1px solid #d4a3a3; margin: 20px auto;\" \/>\n<\/div>\n<p>[\/et_pb_text][\/et_pb_column][\/et_pb_row][\/et_pb_section][et_pb_section fb_built=\u00bb1&#8243; _builder_version=\u00bb4.27.4&#8243; _module_preset=\u00bbdefault\u00bb background_color=\u00bb#f7f3ee\u00bb custom_padding=\u00bb60px||60px||false|false\u00bb da_disable_devices=\u00bboff|off|off\u00bb global_colors_info=\u00bb{}\u00bb da_is_popup=\u00bboff\u00bb da_exit_intent=\u00bboff\u00bb da_has_close=\u00bbon\u00bb da_alt_close=\u00bboff\u00bb da_dark_close=\u00bboff\u00bb da_not_modal=\u00bbon\u00bb da_is_singular=\u00bboff\u00bb da_with_loader=\u00bboff\u00bb da_has_shadow=\u00bbon\u00bb][et_pb_row column_structure=\u00bb3_5,2_5&#8243; make_equal=\u00bbon\u00bb _builder_version=\u00bb4.27.4&#8243; _module_preset=\u00bbdefault\u00bb global_colors_info=\u00bb{}\u00bb][et_pb_column type=\u00bb3_5&#8243; _builder_version=\u00bb4.27.4&#8243; _module_preset=\u00bbdefault\u00bb custom_padding=\u00bb10%||10%||false|false\u00bb global_colors_info=\u00bb{}\u00bb][et_pb_text _builder_version=\u00bb4.27.4&#8243; _module_preset=\u00bbdefault\u00bb global_colors_info=\u00bb{}\u00bb]<\/p>\n<div style=\"font-family: 'Montserrat', sans-serif;\">\n<p style=\"letter-spacing: 3px; color: #d4a3a3; font-size: 13px; text-transform: uppercase; margin-bottom: 10px;\">\n    \u2014 SOBRE EL TALLER \u2014\n  <\/p>\n<h2 style=\"font-family: 'Cormorant Garamond', serif; color: #4a443f; font-size: 38px; line-height: 1.2em; margin-bottom: 20px; font-weight: 300;\">\n    UN ESPACIO PARA MIRARNOS,<br \/>ENTENDERNOS Y ELEGIRNOS<br \/>\n  <\/h2>\n<p style=\"color: #666666; font-size: 16px; line-height: 1.8em; margin-bottom: 40px;\">\n    Este taller es una invitaci\u00f3n a soltar lo que ya no te pertenece, a sanar aquello que te ha marcado y a reconectar contigo, desde la verdad, la compasi\u00f3n y el amor propio. No se trata de cambiar qui\u00e9n eres, sino de volver a ti.\n  <\/p>\n<div style=\"display: flex; justify-content: space-between; gap: 20px; align-items: flex-start;\">\n<div style=\"flex: 1; text-align: center;\">\n<div style=\"width: 50px; height: 50px; border: 1px solid #d4a3a3; border-radius: 50%; margin: 0 auto 15px; display: flex; align-items: center; justify-content: center; color: #d4a3a3; font-size: 20px;\">\n        <span style=\"font-size: 24px;\">\u2661<\/span>\n      <\/div>\n<p style=\"font-size: 12px; font-weight: 600; color: #4a443f; text-transform: uppercase; line-height: 1.4em;\">Espacio seguro<br \/>y confidencial<\/p>\n<\/p><\/div>\n<div style=\"flex: 1; text-align: center;\">\n<div style=\"width: 50px; height: 50px; border: 1px solid #d4a3a3; border-radius: 50%; margin: 0 auto 15px; display: flex; align-items: center; justify-content: center; color: #d4a3a3; font-size: 20px;\">\n        <span style=\"font-size: 20px;\">\ud83c\udf3f<\/span>\n      <\/div>\n<p style=\"font-size: 12px; font-weight: 600; color: #4a443f; text-transform: uppercase; line-height: 1.4em;\">Acompa\u00f1amiento<br \/>humano y cercano<\/p>\n<\/p><\/div>\n<div style=\"flex: 1; text-align: center;\">\n<div style=\"width: 50px; height: 50px; border: 1px solid #d4a3a3; border-radius: 50%; margin: 0 auto 15px; display: flex; align-items: center; justify-content: center; color: #d4a3a3; font-size: 20px;\">\n        <span style=\"font-size: 20px;\">\u2728<\/span>\n      <\/div>\n<p style=\"font-size: 12px; font-weight: 600; color: #4a443f; text-transform: uppercase; line-height: 1.4em;\">Herramientas<br \/>transformadoras<\/p>\n<\/p><\/div>\n<\/p><\/div>\n<\/div>\n<p>[\/et_pb_text][\/et_pb_column][et_pb_column type=\u00bb2_5&#8243; _builder_version=\u00bb4.27.4&#8243; _module_preset=\u00bbdefault\u00bb global_colors_info=\u00bb{}\u00bb][et_pb_image src=\u00bbhttps:\/\/fundacionvinculo.cl\/sitio\/wp-content\/uploads\/2026\/05\/Imagen-6.png\u00bb title_text=\u00bbImagen 6&#8243; _builder_version=\u00bb4.27.4&#8243; _module_preset=\u00bbdefault\u00bb width=\u00bb100%\u00bb max_width=\u00bb70%\u00bb custom_margin=\u00bb80px||||false|false\u00bb hover_enabled=\u00bb0&#8243; border_radii=\u00bbon|15px|15px|15px|15px\u00bb box_shadow_style=\u00bbpreset1&#8243; global_colors_info=\u00bb{}\u00bb custom_margin_last_edited=\u00bbon|phone\u00bb sticky_enabled=\u00bb0&#8243; custom_margin_phone=\u00bb-60px||||false|false\u00bb custom_margin_tablet=\u00bb80px||||false|false\u00bb][\/et_pb_image][\/et_pb_column][\/et_pb_row][\/et_pb_section][et_pb_section fb_built=\u00bb1&#8243; _builder_version=\u00bb4.27.4&#8243; _module_preset=\u00bbdefault\u00bb da_disable_devices=\u00bboff|off|off\u00bb global_colors_info=\u00bb{}\u00bb da_is_popup=\u00bboff\u00bb da_exit_intent=\u00bboff\u00bb da_has_close=\u00bbon\u00bb da_alt_close=\u00bboff\u00bb da_dark_close=\u00bboff\u00bb da_not_modal=\u00bbon\u00bb da_is_singular=\u00bboff\u00bb da_with_loader=\u00bboff\u00bb da_has_shadow=\u00bbon\u00bb][et_pb_row _builder_version=\u00bb4.27.4&#8243; _module_preset=\u00bbdefault\u00bb global_colors_info=\u00bb{}\u00bb][et_pb_column type=\u00bb4_4&#8243; _builder_version=\u00bb4.27.4&#8243; _module_preset=\u00bbdefault\u00bb global_colors_info=\u00bb{}\u00bb][et_pb_text _builder_version=\u00bb4.27.4&#8243; _module_preset=\u00bbdefault\u00bb global_colors_info=\u00bb{}\u00bb]<\/p>\n<div style=\"font-family: 'Montserrat', sans-serif; color: #4a443f; max-width: 1000px; margin: 0 auto; padding: 40px 20px; background-color: #ffffff;\">\n<div style=\"display: flex; align-items: center; gap: 40px; margin-bottom: 80px; flex-wrap: wrap;\">\n<div style=\"flex: 1; min-width: 300px; text-align: center;\"><img decoding=\"async\" src=\"https:\/\/fundacionvinculo.cl\/sitio\/wp-content\/uploads\/2026\/05\/IMAGEN-1.png\" alt=\"Liberando Ataduras\" style=\"width: 100%; max-width: 450px; border-radius: 15px; box-shadow: 0 10px 30px rgba(0,0,0,0.1);\" \/><\/div>\n<div style=\"flex: 1; min-width: 300px;\">\n<p style=\"letter-spacing: 3px; color: #d4a3a3; font-size: 12px; text-transform: uppercase; margin-bottom: 10px; font-weight: 600;\">\u2014 Un nuevo comienzo \u2014<\/p>\n<h2 style=\"font-family: 'Cormorant Garamond', serif; font-size: 38px; color: #a65161; margin-top: 0; font-weight: 300;\">Un regalo para ti<\/h2>\n<p style=\"font-size: 15px; color: #888; margin-bottom: 15px; font-style: italic;\">Imagina por un momento el inicio de esta historia&#8230;<\/p>\n<p style=\"font-size: 16px; line-height: 1.8; color: #444; border-left: 3px solid #f2e4e2; padding-left: 20px; font-style: italic;\">\u00abSantiago ese d\u00eda estaba bullicioso&#8230; sin embargo, una corriente fresca le alert\u00f3 a Florencia que pod\u00eda ser un d\u00eda especial\u00bb.<\/p>\n<p style=\"font-size: 16px; line-height: 1.8; color: #444; margin-top: 20px;\">Te invitamos a sumergirte en el <strong>Cap\u00edtulo 1 del libro<\/strong>. Una carta misteriosa que marca el inicio de este encuentro. Desc\u00e1rgala y d\u00e9jate llevar por la curiosidad de tu propio coraz\u00f3n.<\/p>\n<p><a href=\"https:\/\/fundacionvinculo.cl\/sitio\/wp-content\/uploads\/2026\/05\/Capitulo-1-promocion.pdf\" target=\"_blank\" style=\"display: inline-block; padding: 15px 30px; border: 1px solid #d4a3a3; color: #d4a3a3; text-decoration: none; border-radius: 50px; font-size: 13px; font-weight: bold; letter-spacing: 1px;\" rel=\"noopener\">LEER LA CARTA DE INVITACI\u00d3N<\/a><\/p>\n<\/div>\n<\/div>\n<hr style=\"border: 0; border-top: 1px solid #f2e4e2; margin-bottom: 80px;\" \/>\n<div style=\"text-align: center; margin-bottom: 80px; background-color: #fdf2f0; padding: 60px 40px; border-radius: 30px; border: 1px solid #f2e4e2;\">\n<p style=\"letter-spacing: 3px; color: #a65161; font-size: 12px; text-transform: uppercase; margin-bottom: 10px; font-weight: 600;\">\u2014 ADMISI\u00d3N 2026 \u2014<\/p>\n<h2 style=\"font-family: 'Cormorant Garamond', serif; font-size: 42px; color: #4a443f; margin-bottom: 15px; font-weight: 300;\">Inscr\u00edbete y s\u00e9 parte<\/h2>\n<p style=\"font-size: 18px; color: #666; max-width: 600px; margin: 0 auto 40px;\">Tu lugar en el c\u00edrculo te est\u00e1 esperando. Elige c\u00f3mo prefieres iniciar tu registro:<\/p>\n<div style=\"display: flex; justify-content: center; gap: 20px; flex-wrap: wrap;\"><a href=\"https:\/\/forms.gle\/2g9tnVfe5foJEmHE7\" target=\"_blank\" style=\"background-color: #a65161; color: white; text-decoration: none; padding: 22px 35px; border-radius: 12px; font-weight: bold; letter-spacing: 1px; display: inline-block; min-width: 280px; box-shadow: 0 4px 15px rgba(166,81,97,0.3);\" rel=\"noopener\"><br \/>\nQUIERO INSCRIBIRME<br \/>\n<span style=\"font-size: 11px; font-weight: 400; opacity: 0.9;\">Formulario de Registro<\/span><br \/>\n<\/a><br \/>\n<a href=\"https:\/\/wa.me\/56985057769?text=Hola,%20estoy%20interesada%20en%20el%20taller%20Liberando%20Ataduras.%20%C2%BFMe%20podr%C3%ADan%20dar%20m%C3%A1s%20informaci%C3%B3n?\" target=\"_blank\" style=\"background-color: #25d366; color: white; text-decoration: none; padding: 22px 35px; border-radius: 12px; font-weight: bold; letter-spacing: 1px; display: inline-block; min-width: 280px; box-shadow: 0 4px 15px rgba(37,211,102,0.3);\" rel=\"noopener\"><br \/>\nWHATSAPP FUNDACI\u00d3N<br \/>\n<span style=\"font-size: 11px; font-weight: 400; opacity: 0.9;\">Dudas y Consultas Directas<\/span><br \/>\n<\/a><\/div>\n<\/div>\n<div style=\"text-align: center; margin-bottom: 60px;\">\n<p style=\"letter-spacing: 3px; color: #d4a3a3; font-size: 12px; text-transform: uppercase; margin-bottom: 10px; font-weight: 600;\">\u2014 Voces de este camino \u2014<\/p>\n<h2 style=\"font-family: 'Cormorant Garamond', serif; font-size: 38px; color: #4a443f; margin-bottom: 50px; font-weight: 300;\">Lo que dicen otras mujeres<\/h2>\n<div style=\"display: grid; grid-template-columns: repeat(auto-fit, minmax(300px, 1fr)); gap: 30px; text-align: left;\">\n<div style=\"padding: 35px; border: 1px solid #f2e4e2; border-radius: 20px; background: #fff;\">\n<p style=\"font-style: italic; color: #666; line-height: 1.7; font-size: 15px;\">\u00abMe di cuenta que dentro de los personajes de la historia estaba yo. Al tomar conciencia de mis ataduras, me encontr\u00e9 conmigo misma.\u00bb<\/p>\n<p style=\"font-weight: bold; color: #a65161; margin-top: 20px; font-size: 12px; text-transform: uppercase;\">\u2014 Mar\u00eda Victoria D\u00edaz, Chile<\/p>\n<\/div>\n<div style=\"padding: 35px; border: 1px solid #f2e4e2; border-radius: 20px; background: #fff;\">\n<p style=\"font-style: italic; color: #666; line-height: 1.7; font-size: 15px;\">\u00abFue conmovedor compartir con mujeres que viv\u00edan cosas similares. Me ayud\u00f3 a potenciar mis aspectos positivos y riqueza espiritual.\u00bb<\/p>\n<p style=\"font-weight: bold; color: #a65161; margin-top: 20px; font-size: 12px; text-transform: uppercase;\">\u2014 Norma Arregui, Argentina<\/p>\n<\/div>\n<div style=\"padding: 35px; border: 1px solid #f2e4e2; border-radius: 20px; background: #fff;\">\n<p style=\"font-style: italic; color: #666; line-height: 1.7; font-size: 15px;\">\u00abA mis 81 a\u00f1os, este taller me hizo dar cuenta que todas tenemos heridas&#8230; pero he aprendido a amarme como soy.\u00bb<\/p>\n<p style=\"font-weight: bold; color: #a65161; margin-top: 20px; font-size: 12px; text-transform: uppercase;\">\u2014 Alumna Taller 2025<\/p>\n<\/div>\n<\/div>\n<\/div>\n<div style=\"text-align: center; padding: 40px 20px; border-top: 1px solid #f2e4e2;\">\n<p style=\"font-family: 'Cormorant Garamond', serif; font-size: 24px; color: #a65161; font-style: italic; margin-bottom: 10px;\">Juntas, soltamos las cuerdas para abrazar la libertad.<\/p>\n<p style=\"font-size: 13px; color: #999; letter-spacing: 2px; text-transform: uppercase; font-weight: 600;\">Fundaci\u00f3n V\u00ednculo \u2014 2026<\/p>\n<\/div>\n<\/div>\n<p>[\/et_pb_text][\/et_pb_column][\/et_pb_row][\/et_pb_section][et_pb_section fb_built=\u00bb1&#8243; _builder_version=\u00bb4.27.4&#8243; _module_preset=\u00bbdefault\u00bb background_color=\u00bb#f3ece5&#8243; custom_padding=\u00bb40px||40px||false|false\u00bb da_disable_devices=\u00bboff|off|off\u00bb global_colors_info=\u00bb{}\u00bb da_is_popup=\u00bboff\u00bb da_exit_intent=\u00bboff\u00bb da_has_close=\u00bbon\u00bb da_alt_close=\u00bboff\u00bb da_dark_close=\u00bboff\u00bb da_not_modal=\u00bbon\u00bb da_is_singular=\u00bboff\u00bb da_with_loader=\u00bboff\u00bb da_has_shadow=\u00bbon\u00bb][\/et_pb_section]<\/p>\n","protected":false},"excerpt":{"rendered":"<p>TALLER PARA MUJERES ENCUENTRO con la Soga LIBERANDO ATADURAS INVISIBLES Un espacio \u00edntimo y transformador para mujeres que desean soltar aquello que las limita y volver a s\u00ed mismas con m\u00e1s libertad, verdad y plenitud.\u2014 Taller de Mujeres \u2014TODAS LLEVAMOSuna SOGA INVISIBLEInspirado en la novela \u00abEl Encuentro con la Soga\u00bb de Trini Ried, este taller [&hellip;]<\/p>\n","protected":false},"author":3,"featured_media":0,"parent":0,"menu_order":0,"comment_status":"closed","ping_status":"closed","template":"","meta":{"_et_pb_use_builder":"on","_et_pb_old_content":"","_et_gb_content_width":"","_vp_format_video_url":"","_vp_image_focal_point":[],"_joinchat":[],"footnotes":""},"class_list":["post-10196","page","type-page","status-publish","hentry"],"_links":{"self":[{"href":"https:\/\/fundacionvinculo.cl\/sitio\/wp-json\/wp\/v2\/pages\/10196","targetHints":{"allow":["GET"]}}],"collection":[{"href":"https:\/\/fundacionvinculo.cl\/sitio\/wp-json\/wp\/v2\/pages"}],"about":[{"href":"https:\/\/fundacionvinculo.cl\/sitio\/wp-json\/wp\/v2\/types\/page"}],"author":[{"embeddable":true,"href":"https:\/\/fundacionvinculo.cl\/sitio\/wp-json\/wp\/v2\/users\/3"}],"replies":[{"embeddable":true,"href":"https:\/\/fundacionvinculo.cl\/sitio\/wp-json\/wp\/v2\/comments?post=10196"}],"version-history":[{"count":40,"href":"https:\/\/fundacionvinculo.cl\/sitio\/wp-json\/wp\/v2\/pages\/10196\/revisions"}],"predecessor-version":[{"id":10386,"href":"https:\/\/fundacionvinculo.cl\/sitio\/wp-json\/wp\/v2\/pages\/10196\/revisions\/10386"}],"wp:attachment":[{"href":"https:\/\/fundacionvinculo.cl\/sitio\/wp-json\/wp\/v2\/media?parent=10196"}],"curies":[{"name":"wp","href":"https:\/\/api.w.org\/{rel}","templated":true}]}}